{"id":120368,"date":"2025-11-13T09:21:27","date_gmt":"2025-11-13T08:21:27","guid":{"rendered":"https:\/\/www.ernstbrunn-apotheke.at\/katalog\/produkt\/detia-ungeziefer-spray-400-ml\/"},"modified":"2025-12-09T09:42:48","modified_gmt":"2025-12-09T08:42:48","slug":"detia-ungeziefer-spray-400-ml","status":"publish","type":"product","link":"https:\/\/www.ernstbrunn-apotheke.at\/katalog\/produkt\/detia-ungeziefer-spray-400-ml\/","title":{"rendered":"Detia Ungeziefer Spray 400 ml"},"content":{"rendered":"<p>Detia Ungeziefer Spray wirkt gegen Fliegen, Motten, M\u00fccken und anderes Ungeziefer im Haus und kann auch f\u00fcr R\u00e4ume mit Lebensmitteln verwendet werden. Der Spray kann durch eine Feststelld\u00fcse auch zum Nebelautomaten umfunktioniert werden.<\/p>\n","protected":false},"excerpt":{"rendered":"<p>Detia Ungeziefer Spray wirkt gegen Fliegen, Motten, M\u00fccken und anderes Ungeziefer im Haus und kann auch f\u00fcr R\u00e4ume mit Lebensmitteln verwendet werden. Der Spray kann durch eine Feststelld\u00fcse auch zum Nebelautomaten umfunktioniert werden.<\/p>\n","protected":false},"featured_media":120370,"template":"","meta":{"_acf_changed":false},"product_brand":[],"product_cat":[792],"product_tag":[],"class_list":{"0":"post-120368","1":"product","2":"type-product","3":"status-publish","4":"has-post-thumbnail","6":"product_cat-d","7":"pa_packungsgroesse-400ml","9":"first","10":"instock","11":"shipping-taxable","12":"purchasable","13":"product-type-simple"},"acf":[],"_links":{"self":[{"href":"https:\/\/www.ernstbrunn-apotheke.at\/katalog\/wp-json\/wp\/v2\/product\/120368","targetHints":{"allow":["GET"]}}],"collection":[{"href":"https:\/\/www.ernstbrunn-apotheke.at\/katalog\/wp-json\/wp\/v2\/product"}],"about":[{"href":"https:\/\/www.ernstbrunn-apotheke.at\/katalog\/wp-json\/wp\/v2\/types\/product"}],"wp:featuredmedia":[{"embeddable":true,"href":"https:\/\/www.ernstbrunn-apotheke.at\/katalog\/wp-json\/wp\/v2\/media\/120370"}],"wp:attachment":[{"href":"https:\/\/www.ernstbrunn-apotheke.at\/katalog\/wp-json\/wp\/v2\/media?parent=120368"}],"wp:term":[{"taxonomy":"product_brand","embeddable":true,"href":"https:\/\/www.ernstbrunn-apotheke.at\/katalog\/wp-json\/wp\/v2\/product_brand?post=120368"},{"taxonomy":"product_cat","embeddable":true,"href":"https:\/\/www.ernstbrunn-apotheke.at\/katalog\/wp-json\/wp\/v2\/product_cat?post=120368"},{"taxonomy":"product_tag","embeddable":true,"href":"https:\/\/www.ernstbrunn-apotheke.at\/katalog\/wp-json\/wp\/v2\/product_tag?post=120368"}],"curies":[{"name":"wp","href":"https:\/\/api.w.org\/{rel}","templated":true}]}}