{"id":120361,"date":"2025-11-13T09:20:52","date_gmt":"2025-11-13T08:20:52","guid":{"rendered":"https:\/\/www.ernstbrunn-apotheke.at\/katalog\/produkt\/detia-kleider-mottenfalle-2-stk\/"},"modified":"2025-12-09T09:42:47","modified_gmt":"2025-12-09T08:42:47","slug":"detia-kleider-mottenfalle-2-stk","status":"publish","type":"product","link":"https:\/\/www.ernstbrunn-apotheke.at\/katalog\/produkt\/detia-kleider-mottenfalle-2-stk\/","title":{"rendered":"Detia Kleider Mottenfalle 2 Stk."},"content":{"rendered":"<p>Detia Kleider Mottenfalle bietet die nat\u00fcrliche Kontrolle der Kleidermotten. Durch den Einsatz dieser Falle werden m\u00e4nnliche Motten angelockt und bleiben auf der Klebefl\u00e4che haften. Die Falle ist f\u00fcr die Dauer von etwa 8 Wochen wirksam.<\/p>\n","protected":false},"excerpt":{"rendered":"<p>Detia Kleider Mottenfalle bietet die nat\u00fcrliche Kontrolle der Kleidermotten. Durch den Einsatz dieser Falle werden m\u00e4nnliche Motten angelockt und bleiben auf der Klebefl\u00e4che haften. Die Falle ist f\u00fcr die Dauer von etwa 8 Wochen wirksam.<\/p>\n","protected":false},"featured_media":120363,"template":"","meta":{"_acf_changed":false},"product_brand":[],"product_cat":[792],"product_tag":[],"class_list":{"0":"post-120361","1":"product","2":"type-product","3":"status-publish","4":"has-post-thumbnail","6":"product_cat-d","7":"pa_packungsgroesse-2-stueck","9":"first","10":"instock","11":"shipping-taxable","12":"purchasable","13":"product-type-simple"},"acf":[],"_links":{"self":[{"href":"https:\/\/www.ernstbrunn-apotheke.at\/katalog\/wp-json\/wp\/v2\/product\/120361","targetHints":{"allow":["GET"]}}],"collection":[{"href":"https:\/\/www.ernstbrunn-apotheke.at\/katalog\/wp-json\/wp\/v2\/product"}],"about":[{"href":"https:\/\/www.ernstbrunn-apotheke.at\/katalog\/wp-json\/wp\/v2\/types\/product"}],"wp:featuredmedia":[{"embeddable":true,"href":"https:\/\/www.ernstbrunn-apotheke.at\/katalog\/wp-json\/wp\/v2\/media\/120363"}],"wp:attachment":[{"href":"https:\/\/www.ernstbrunn-apotheke.at\/katalog\/wp-json\/wp\/v2\/media?parent=120361"}],"wp:term":[{"taxonomy":"product_brand","embeddable":true,"href":"https:\/\/www.ernstbrunn-apotheke.at\/katalog\/wp-json\/wp\/v2\/product_brand?post=120361"},{"taxonomy":"product_cat","embeddable":true,"href":"https:\/\/www.ernstbrunn-apotheke.at\/katalog\/wp-json\/wp\/v2\/product_cat?post=120361"},{"taxonomy":"product_tag","embeddable":true,"href":"https:\/\/www.ernstbrunn-apotheke.at\/katalog\/wp-json\/wp\/v2\/product_tag?post=120361"}],"curies":[{"name":"wp","href":"https:\/\/api.w.org\/{rel}","templated":true}]}}