{"id":120327,"date":"2025-11-13T09:19:51","date_gmt":"2025-11-13T08:19:51","guid":{"rendered":"https:\/\/www.ernstbrunn-apotheke.at\/katalog\/produkt\/desmanol-pure-gel-1000-ml\/"},"modified":"2025-12-09T09:42:43","modified_gmt":"2025-12-09T08:42:43","slug":"desmanol-pure-gel-1000-ml","status":"publish","type":"product","link":"https:\/\/www.ernstbrunn-apotheke.at\/katalog\/produkt\/desmanol-pure-gel-1000-ml\/","title":{"rendered":"desmanol pure gel 1000 ml"},"content":{"rendered":"<p>desmanol pure gel ist ein extra pflegendes H\u00e4ndedesinfektionsgel mit Dexpanthenol und eignet sich sowohl zur hygienischen als auch zur chirurgischen H\u00e4ndedesinfektion. Es ist farbstoff- und parf\u00fcmfrei und dermatologisch getestet.<\/p>\n","protected":false},"excerpt":{"rendered":"<p>desmanol pure gel ist ein extra pflegendes H\u00e4ndedesinfektionsgel mit Dexpanthenol und eignet sich sowohl zur hygienischen als auch zur chirurgischen H\u00e4ndedesinfektion. Es ist farbstoff- und parf\u00fcmfrei und dermatologisch getestet.<\/p>\n","protected":false},"featured_media":120329,"template":"","meta":{"_acf_changed":false},"product_brand":[],"product_cat":[792],"product_tag":[],"class_list":{"0":"post-120327","1":"product","2":"type-product","3":"status-publish","4":"has-post-thumbnail","6":"product_cat-d","7":"pa_packungsgroesse-1l","9":"first","10":"instock","11":"shipping-taxable","12":"purchasable","13":"product-type-simple"},"acf":[],"_links":{"self":[{"href":"https:\/\/www.ernstbrunn-apotheke.at\/katalog\/wp-json\/wp\/v2\/product\/120327","targetHints":{"allow":["GET"]}}],"collection":[{"href":"https:\/\/www.ernstbrunn-apotheke.at\/katalog\/wp-json\/wp\/v2\/product"}],"about":[{"href":"https:\/\/www.ernstbrunn-apotheke.at\/katalog\/wp-json\/wp\/v2\/types\/product"}],"wp:featuredmedia":[{"embeddable":true,"href":"https:\/\/www.ernstbrunn-apotheke.at\/katalog\/wp-json\/wp\/v2\/media\/120329"}],"wp:attachment":[{"href":"https:\/\/www.ernstbrunn-apotheke.at\/katalog\/wp-json\/wp\/v2\/media?parent=120327"}],"wp:term":[{"taxonomy":"product_brand","embeddable":true,"href":"https:\/\/www.ernstbrunn-apotheke.at\/katalog\/wp-json\/wp\/v2\/product_brand?post=120327"},{"taxonomy":"product_cat","embeddable":true,"href":"https:\/\/www.ernstbrunn-apotheke.at\/katalog\/wp-json\/wp\/v2\/product_cat?post=120327"},{"taxonomy":"product_tag","embeddable":true,"href":"https:\/\/www.ernstbrunn-apotheke.at\/katalog\/wp-json\/wp\/v2\/product_tag?post=120327"}],"curies":[{"name":"wp","href":"https:\/\/api.w.org\/{rel}","templated":true}]}}