{"id":120288,"date":"2025-11-13T09:19:19","date_gmt":"2025-11-13T08:19:19","guid":{"rendered":"https:\/\/www.ernstbrunn-apotheke.at\/katalog\/produkt\/desipower-hand-desinfektion-gel-500-ml\/"},"modified":"2025-12-09T09:42:40","modified_gmt":"2025-12-09T08:42:40","slug":"desipower-hand-desinfektion-gel-500-ml","status":"publish","type":"product","link":"https:\/\/www.ernstbrunn-apotheke.at\/katalog\/produkt\/desipower-hand-desinfektion-gel-500-ml\/","title":{"rendered":"Desipower HAND Desinfektion Gel 500 ml"},"content":{"rendered":"<p>Desipower Hand Desinfektions Gel ist effektiv und leicht zu benutzen zu Hause, am Arbeitsplatz und auf Reisen. Das Desinfektionsmittel wirkt feuchtigkeitsspendend, ist angenehm aufzutragen und hinterl\u00e4sst keine R\u00fcckst\u00e4nde auf der Haut.<\/p>\n","protected":false},"excerpt":{"rendered":"<p>Desipower Hand Desinfektions Gel ist effektiv und leicht zu benutzen zu Hause, am Arbeitsplatz und auf Reisen. Das Desinfektionsmittel wirkt feuchtigkeitsspendend, ist angenehm aufzutragen und hinterl\u00e4sst keine R\u00fcckst\u00e4nde auf der Haut.<\/p>\n","protected":false},"featured_media":120290,"template":"","meta":{"_acf_changed":false},"product_brand":[],"product_cat":[792],"product_tag":[],"class_list":{"0":"post-120288","1":"product","2":"type-product","3":"status-publish","4":"has-post-thumbnail","6":"product_cat-d","7":"pa_packungsgroesse-500ml","9":"first","10":"instock","11":"shipping-taxable","12":"purchasable","13":"product-type-simple"},"acf":[],"_links":{"self":[{"href":"https:\/\/www.ernstbrunn-apotheke.at\/katalog\/wp-json\/wp\/v2\/product\/120288","targetHints":{"allow":["GET"]}}],"collection":[{"href":"https:\/\/www.ernstbrunn-apotheke.at\/katalog\/wp-json\/wp\/v2\/product"}],"about":[{"href":"https:\/\/www.ernstbrunn-apotheke.at\/katalog\/wp-json\/wp\/v2\/types\/product"}],"wp:featuredmedia":[{"embeddable":true,"href":"https:\/\/www.ernstbrunn-apotheke.at\/katalog\/wp-json\/wp\/v2\/media\/120290"}],"wp:attachment":[{"href":"https:\/\/www.ernstbrunn-apotheke.at\/katalog\/wp-json\/wp\/v2\/media?parent=120288"}],"wp:term":[{"taxonomy":"product_brand","embeddable":true,"href":"https:\/\/www.ernstbrunn-apotheke.at\/katalog\/wp-json\/wp\/v2\/product_brand?post=120288"},{"taxonomy":"product_cat","embeddable":true,"href":"https:\/\/www.ernstbrunn-apotheke.at\/katalog\/wp-json\/wp\/v2\/product_cat?post=120288"},{"taxonomy":"product_tag","embeddable":true,"href":"https:\/\/www.ernstbrunn-apotheke.at\/katalog\/wp-json\/wp\/v2\/product_tag?post=120288"}],"curies":[{"name":"wp","href":"https:\/\/api.w.org\/{rel}","templated":true}]}}