{"id":120252,"date":"2025-11-13T09:18:26","date_gmt":"2025-11-13T08:18:26","guid":{"rendered":"https:\/\/www.ernstbrunn-apotheke.at\/katalog\/produkt\/dermasence-seborra-serum-30-ml\/"},"modified":"2025-12-09T09:42:37","modified_gmt":"2025-12-09T08:42:37","slug":"dermasence-seborra-serum-30-ml","status":"publish","type":"product","link":"https:\/\/www.ernstbrunn-apotheke.at\/katalog\/produkt\/dermasence-seborra-serum-30-ml\/","title":{"rendered":"Dermasence Seborra Serum 30 ml"},"content":{"rendered":"<p>Das hochwertige hautkl\u00e4rende Serum ist als Nachtpflege ideal f\u00fcr fettige, unreine und zu Akne neigende Haut. Ein innovativer Komplex aus F\u00e4rberwaid und weiteren Pflanzenextrakten wirkt anti-entz\u00fcndlich. Der milde Fruchts\u00e4urekomplex mindert Entz\u00fcndungen und befreit verstopfte Poren. Das Serum beruhigt irritierte Haut, mindert R\u00f6tungen und kann der Entstehung von Pickelmalen vorbeugen. Es hinterl\u00e4sst ein gesundes und klares Hautbild.<\/p>\n","protected":false},"excerpt":{"rendered":"<p>Das hochwertige hautkl\u00e4rende Serum ist als Nachtpflege ideal f\u00fcr fettige, unreine und zu Akne neigende Haut. Ein innovativer Komplex aus F\u00e4rberwaid und weiteren Pflanzenextrakten wirkt anti-entz\u00fcndlich. Der milde Fruchts\u00e4urekomplex mindert Entz\u00fcndungen und befreit verstopfte Poren. Das Serum beruhigt irritierte Haut, mindert R\u00f6tungen und kann der Entstehung von Pickelmalen vorbeugen. Es hinterl\u00e4sst ein gesundes und klares [&hellip;]<\/p>\n","protected":false},"featured_media":120254,"template":"","meta":{"_acf_changed":false},"product_brand":[680],"product_cat":[792],"product_tag":[],"class_list":{"0":"post-120252","1":"product","2":"type-product","3":"status-publish","4":"has-post-thumbnail","6":"product_brand-dermasence","7":"product_cat-d","8":"pa_packungsgroesse-30ml","10":"first","11":"instock","12":"shipping-taxable","13":"purchasable","14":"product-type-simple"},"acf":[],"_links":{"self":[{"href":"https:\/\/www.ernstbrunn-apotheke.at\/katalog\/wp-json\/wp\/v2\/product\/120252","targetHints":{"allow":["GET"]}}],"collection":[{"href":"https:\/\/www.ernstbrunn-apotheke.at\/katalog\/wp-json\/wp\/v2\/product"}],"about":[{"href":"https:\/\/www.ernstbrunn-apotheke.at\/katalog\/wp-json\/wp\/v2\/types\/product"}],"wp:featuredmedia":[{"embeddable":true,"href":"https:\/\/www.ernstbrunn-apotheke.at\/katalog\/wp-json\/wp\/v2\/media\/120254"}],"wp:attachment":[{"href":"https:\/\/www.ernstbrunn-apotheke.at\/katalog\/wp-json\/wp\/v2\/media?parent=120252"}],"wp:term":[{"taxonomy":"product_brand","embeddable":true,"href":"https:\/\/www.ernstbrunn-apotheke.at\/katalog\/wp-json\/wp\/v2\/product_brand?post=120252"},{"taxonomy":"product_cat","embeddable":true,"href":"https:\/\/www.ernstbrunn-apotheke.at\/katalog\/wp-json\/wp\/v2\/product_cat?post=120252"},{"taxonomy":"product_tag","embeddable":true,"href":"https:\/\/www.ernstbrunn-apotheke.at\/katalog\/wp-json\/wp\/v2\/product_tag?post=120252"}],"curies":[{"name":"wp","href":"https:\/\/api.w.org\/{rel}","templated":true}]}}