{"id":120239,"date":"2025-11-13T09:17:30","date_gmt":"2025-11-13T08:17:30","guid":{"rendered":"https:\/\/www.ernstbrunn-apotheke.at\/katalog\/produkt\/depilan-intim-enthaarungscreme-1-pkg\/"},"modified":"2025-12-09T09:42:36","modified_gmt":"2025-12-09T08:42:36","slug":"depilan-intim-enthaarungscreme-1-pkg","status":"publish","type":"product","link":"https:\/\/www.ernstbrunn-apotheke.at\/katalog\/produkt\/depilan-intim-enthaarungscreme-1-pkg\/","title":{"rendered":"Depilan Intim Enthaarungscreme 1 Pkg."},"content":{"rendered":"<p>Depilan Ladies + Men Intim Enthaarungscreme dient der sanften Enthaarung f\u00fcr den empfindlichen Intimbereich sowohl f\u00fcr M\u00e4nner, als auch f\u00fcr Frauen. Sie eignet sich f\u00fcr alle Hauttypen. Die Haare werden gr\u00fcndlich entfernt und wachsen dann stoppelfrei und weich wieder nach. Schnittverletzungen werden zu 100% vermieden.<\/p>\n","protected":false},"excerpt":{"rendered":"<p>Depilan Ladies + Men Intim Enthaarungscreme dient der sanften Enthaarung f\u00fcr den empfindlichen Intimbereich sowohl f\u00fcr M\u00e4nner, als auch f\u00fcr Frauen. Sie eignet sich f\u00fcr alle Hauttypen. Die Haare werden gr\u00fcndlich entfernt und wachsen dann stoppelfrei und weich wieder nach. Schnittverletzungen werden zu 100% vermieden.<\/p>\n","protected":false},"featured_media":120241,"template":"","meta":{"_acf_changed":false},"product_brand":[],"product_cat":[792],"product_tag":[],"class_list":{"0":"post-120239","1":"product","2":"type-product","3":"status-publish","4":"has-post-thumbnail","6":"product_cat-d","7":"pa_packungsgroesse-500","9":"first","10":"instock","11":"shipping-taxable","12":"purchasable","13":"product-type-simple"},"acf":[],"_links":{"self":[{"href":"https:\/\/www.ernstbrunn-apotheke.at\/katalog\/wp-json\/wp\/v2\/product\/120239","targetHints":{"allow":["GET"]}}],"collection":[{"href":"https:\/\/www.ernstbrunn-apotheke.at\/katalog\/wp-json\/wp\/v2\/product"}],"about":[{"href":"https:\/\/www.ernstbrunn-apotheke.at\/katalog\/wp-json\/wp\/v2\/types\/product"}],"wp:featuredmedia":[{"embeddable":true,"href":"https:\/\/www.ernstbrunn-apotheke.at\/katalog\/wp-json\/wp\/v2\/media\/120241"}],"wp:attachment":[{"href":"https:\/\/www.ernstbrunn-apotheke.at\/katalog\/wp-json\/wp\/v2\/media?parent=120239"}],"wp:term":[{"taxonomy":"product_brand","embeddable":true,"href":"https:\/\/www.ernstbrunn-apotheke.at\/katalog\/wp-json\/wp\/v2\/product_brand?post=120239"},{"taxonomy":"product_cat","embeddable":true,"href":"https:\/\/www.ernstbrunn-apotheke.at\/katalog\/wp-json\/wp\/v2\/product_cat?post=120239"},{"taxonomy":"product_tag","embeddable":true,"href":"https:\/\/www.ernstbrunn-apotheke.at\/katalog\/wp-json\/wp\/v2\/product_tag?post=120239"}],"curies":[{"name":"wp","href":"https:\/\/api.w.org\/{rel}","templated":true}]}}