{"id":120217,"date":"2025-11-13T09:17:30","date_gmt":"2025-11-13T08:17:30","guid":{"rendered":"https:\/\/www.ernstbrunn-apotheke.at\/katalog\/produkt\/darphin-essential-oil-care-rose-hydra-nourishing-oil-cream-50-ml\/"},"modified":"2025-12-09T09:42:33","modified_gmt":"2025-12-09T08:42:33","slug":"darphin-essential-oil-care-rose-hydra-nourishing-oil-cream-50-ml","status":"publish","type":"product","link":"https:\/\/www.ernstbrunn-apotheke.at\/katalog\/produkt\/darphin-essential-oil-care-rose-hydra-nourishing-oil-cream-50-ml\/","title":{"rendered":"Darphin Essential Oil Care Rose Hydra-Nourishing Oil Cream 50 ml"},"content":{"rendered":"<p>Die n\u00e4hrende Kraft der luxuri\u00f6sen \u00d6l-Creme Rose Hydra-Nourishing von Darphin schenkt Ihnen eine weiche, gesund aussehende und hydratisierte Haut. Ein Komplex aus \u00e4therischem Rosen\u00f6l, Rose Absolue und Bl\u00fctenwachs stabilisiert das Feuchtigkeitslevel der Haut und regeneriert die nat\u00fcrliche Hydrolipidbarriere. Ihre Haut wird angenehm erfrischt und erh\u00e4lt ein wunderbares Strahlen.<\/p>\n","protected":false},"excerpt":{"rendered":"<p>Die n\u00e4hrende Kraft der luxuri\u00f6sen \u00d6l-Creme Rose Hydra-Nourishing von Darphin schenkt Ihnen eine weiche, gesund aussehende und hydratisierte Haut. Ein Komplex aus \u00e4therischem Rosen\u00f6l, Rose Absolue und Bl\u00fctenwachs stabilisiert das Feuchtigkeitslevel der Haut und regeneriert die nat\u00fcrliche Hydrolipidbarriere. Ihre Haut wird angenehm erfrischt und erh\u00e4lt ein wunderbares Strahlen.<\/p>\n","protected":false},"featured_media":120219,"template":"","meta":{"_acf_changed":false},"product_brand":[1325],"product_cat":[792],"product_tag":[],"class_list":{"0":"post-120217","1":"product","2":"type-product","3":"status-publish","4":"has-post-thumbnail","6":"product_brand-darphin","7":"product_cat-d","8":"pa_packungsgroesse-50ml","10":"first","11":"instock","12":"shipping-taxable","13":"purchasable","14":"product-type-simple"},"acf":[],"_links":{"self":[{"href":"https:\/\/www.ernstbrunn-apotheke.at\/katalog\/wp-json\/wp\/v2\/product\/120217","targetHints":{"allow":["GET"]}}],"collection":[{"href":"https:\/\/www.ernstbrunn-apotheke.at\/katalog\/wp-json\/wp\/v2\/product"}],"about":[{"href":"https:\/\/www.ernstbrunn-apotheke.at\/katalog\/wp-json\/wp\/v2\/types\/product"}],"wp:featuredmedia":[{"embeddable":true,"href":"https:\/\/www.ernstbrunn-apotheke.at\/katalog\/wp-json\/wp\/v2\/media\/120219"}],"wp:attachment":[{"href":"https:\/\/www.ernstbrunn-apotheke.at\/katalog\/wp-json\/wp\/v2\/media?parent=120217"}],"wp:term":[{"taxonomy":"product_brand","embeddable":true,"href":"https:\/\/www.ernstbrunn-apotheke.at\/katalog\/wp-json\/wp\/v2\/product_brand?post=120217"},{"taxonomy":"product_cat","embeddable":true,"href":"https:\/\/www.ernstbrunn-apotheke.at\/katalog\/wp-json\/wp\/v2\/product_cat?post=120217"},{"taxonomy":"product_tag","embeddable":true,"href":"https:\/\/www.ernstbrunn-apotheke.at\/katalog\/wp-json\/wp\/v2\/product_tag?post=120217"}],"curies":[{"name":"wp","href":"https:\/\/api.w.org\/{rel}","templated":true}]}}