{"id":120211,"date":"2025-11-13T09:16:57","date_gmt":"2025-11-13T08:16:57","guid":{"rendered":"https:\/\/www.ernstbrunn-apotheke.at\/katalog\/produkt\/darphin-intral-rescue-super-concentrate-7-ml-4-stk\/"},"modified":"2025-12-09T09:42:33","modified_gmt":"2025-12-09T08:42:33","slug":"darphin-intral-rescue-super-concentrate-7-ml-4-stk","status":"publish","type":"product","link":"https:\/\/www.ernstbrunn-apotheke.at\/katalog\/produkt\/darphin-intral-rescue-super-concentrate-7-ml-4-stk\/","title":{"rendered":"Darphin Intral Rescue Super Concentrate 7 ml 4 Stk."},"content":{"rendered":"<p>Intral Rescue Super Concentrate ist eine hochkonzentrierte Pflege zur Beruhigung und Wiederherstellung des Gleichgewichts der Haut mit sichtbaren Ergebnissen, Woche f\u00fcr Woche. Die Haut findet zu ihrem nat\u00fcrlichen Zustand zur\u00fcck und sieht gesund und strahlend aus. Diese hochwirksame und technologisch fortschrittliche Formel eignet sich optimal in Stressphasen, vor gro\u00dfen Ereignissen, in der \u00dcbergangsphase zwischen den Jahreszeiten und immer dann, wenn Ihre Haut wirkungsvolle und intensive Pflege ben\u00f6tigt.<\/p>\n","protected":false},"excerpt":{"rendered":"<p>Intral Rescue Super Concentrate ist eine hochkonzentrierte Pflege zur Beruhigung und Wiederherstellung des Gleichgewichts der Haut mit sichtbaren Ergebnissen, Woche f\u00fcr Woche. Die Haut findet zu ihrem nat\u00fcrlichen Zustand zur\u00fcck und sieht gesund und strahlend aus. Diese hochwirksame und technologisch fortschrittliche Formel eignet sich optimal in Stressphasen, vor gro\u00dfen Ereignissen, in der \u00dcbergangsphase zwischen den [&hellip;]<\/p>\n","protected":false},"featured_media":120213,"template":"","meta":{"_acf_changed":false},"product_brand":[1325],"product_cat":[792],"product_tag":[],"class_list":{"0":"post-120211","1":"product","2":"type-product","3":"status-publish","4":"has-post-thumbnail","6":"product_brand-darphin","7":"product_cat-d","8":"pa_packungsgroesse-4-stueck","10":"first","11":"instock","12":"shipping-taxable","13":"purchasable","14":"product-type-simple"},"acf":[],"_links":{"self":[{"href":"https:\/\/www.ernstbrunn-apotheke.at\/katalog\/wp-json\/wp\/v2\/product\/120211","targetHints":{"allow":["GET"]}}],"collection":[{"href":"https:\/\/www.ernstbrunn-apotheke.at\/katalog\/wp-json\/wp\/v2\/product"}],"about":[{"href":"https:\/\/www.ernstbrunn-apotheke.at\/katalog\/wp-json\/wp\/v2\/types\/product"}],"wp:featuredmedia":[{"embeddable":true,"href":"https:\/\/www.ernstbrunn-apotheke.at\/katalog\/wp-json\/wp\/v2\/media\/120213"}],"wp:attachment":[{"href":"https:\/\/www.ernstbrunn-apotheke.at\/katalog\/wp-json\/wp\/v2\/media?parent=120211"}],"wp:term":[{"taxonomy":"product_brand","embeddable":true,"href":"https:\/\/www.ernstbrunn-apotheke.at\/katalog\/wp-json\/wp\/v2\/product_brand?post=120211"},{"taxonomy":"product_cat","embeddable":true,"href":"https:\/\/www.ernstbrunn-apotheke.at\/katalog\/wp-json\/wp\/v2\/product_cat?post=120211"},{"taxonomy":"product_tag","embeddable":true,"href":"https:\/\/www.ernstbrunn-apotheke.at\/katalog\/wp-json\/wp\/v2\/product_tag?post=120211"}],"curies":[{"name":"wp","href":"https:\/\/api.w.org\/{rel}","templated":true}]}}