{"id":120194,"date":"2025-11-13T09:16:36","date_gmt":"2025-11-13T08:16:36","guid":{"rendered":"https:\/\/www.ernstbrunn-apotheke.at\/katalog\/produkt\/darphin-essential-oil-elixir-tangerine-aromatic-care-15-ml\/"},"modified":"2025-12-09T09:42:30","modified_gmt":"2025-12-09T08:42:30","slug":"darphin-essential-oil-elixir-tangerine-aromatic-care-15-ml","status":"publish","type":"product","link":"https:\/\/www.ernstbrunn-apotheke.at\/katalog\/produkt\/darphin-essential-oil-elixir-tangerine-aromatic-care-15-ml\/","title":{"rendered":"Darphin Essential Oil Elixir Tangerine Aromatic Care 15 ml"},"content":{"rendered":"<p>Tangerine Aromatic Care ist ein Aroma-Pflege\u00f6l von Darphin, das m\u00fcder Haut frische Energie schenkt und sie revitalisiert. Die Formel basiert auf pflegendem Omega 6 und Fr\u00fcchten, die viel Vitamin C enthalten: Tangerine, Sweet Orange und Grapefruit. Das \u00d6l gl\u00e4ttet Trockenheitsf\u00e4ltchen und schenkt trockener Haut eine jugendlich aussehende Strahlkraft voller Vitalit\u00e4t.<\/p>\n","protected":false},"excerpt":{"rendered":"<p>Tangerine Aromatic Care ist ein Aroma-Pflege\u00f6l von Darphin, das m\u00fcder Haut frische Energie schenkt und sie revitalisiert. Die Formel basiert auf pflegendem Omega 6 und Fr\u00fcchten, die viel Vitamin C enthalten: Tangerine, Sweet Orange und Grapefruit. Das \u00d6l gl\u00e4ttet Trockenheitsf\u00e4ltchen und schenkt trockener Haut eine jugendlich aussehende Strahlkraft voller Vitalit\u00e4t.<\/p>\n","protected":false},"featured_media":120196,"template":"","meta":{"_acf_changed":false},"product_brand":[1325],"product_cat":[792],"product_tag":[],"class_list":{"0":"post-120194","1":"product","2":"type-product","3":"status-publish","4":"has-post-thumbnail","6":"product_brand-darphin","7":"product_cat-d","8":"pa_packungsgroesse-15ml","10":"first","11":"instock","12":"shipping-taxable","13":"purchasable","14":"product-type-simple"},"acf":[],"_links":{"self":[{"href":"https:\/\/www.ernstbrunn-apotheke.at\/katalog\/wp-json\/wp\/v2\/product\/120194","targetHints":{"allow":["GET"]}}],"collection":[{"href":"https:\/\/www.ernstbrunn-apotheke.at\/katalog\/wp-json\/wp\/v2\/product"}],"about":[{"href":"https:\/\/www.ernstbrunn-apotheke.at\/katalog\/wp-json\/wp\/v2\/types\/product"}],"wp:featuredmedia":[{"embeddable":true,"href":"https:\/\/www.ernstbrunn-apotheke.at\/katalog\/wp-json\/wp\/v2\/media\/120196"}],"wp:attachment":[{"href":"https:\/\/www.ernstbrunn-apotheke.at\/katalog\/wp-json\/wp\/v2\/media?parent=120194"}],"wp:term":[{"taxonomy":"product_brand","embeddable":true,"href":"https:\/\/www.ernstbrunn-apotheke.at\/katalog\/wp-json\/wp\/v2\/product_brand?post=120194"},{"taxonomy":"product_cat","embeddable":true,"href":"https:\/\/www.ernstbrunn-apotheke.at\/katalog\/wp-json\/wp\/v2\/product_cat?post=120194"},{"taxonomy":"product_tag","embeddable":true,"href":"https:\/\/www.ernstbrunn-apotheke.at\/katalog\/wp-json\/wp\/v2\/product_tag?post=120194"}],"curies":[{"name":"wp","href":"https:\/\/api.w.org\/{rel}","templated":true}]}}