{"id":120188,"date":"2025-11-13T09:16:36","date_gmt":"2025-11-13T08:16:36","guid":{"rendered":"https:\/\/www.ernstbrunn-apotheke.at\/katalog\/produkt\/darphin-essential-oil-elixir-orange-blossom-aromatic-care-15-ml\/"},"modified":"2025-12-09T09:42:29","modified_gmt":"2025-12-09T08:42:29","slug":"darphin-essential-oil-elixir-orange-blossom-aromatic-care-15-ml","status":"publish","type":"product","link":"https:\/\/www.ernstbrunn-apotheke.at\/katalog\/produkt\/darphin-essential-oil-elixir-orange-blossom-aromatic-care-15-ml\/","title":{"rendered":"Darphin Essential Oil Elixir Orange Blossom Aromatic Care 15 ml"},"content":{"rendered":"<p>Orange Blossom Aromatic Care ist ein Aroma-Pflege\u00f6l aus dem Hause Darphin. Es wurde entwickelt, um Ihrer Haut zu einem ebenm\u00e4\u00dfigeren Ton zu verhelfen. Dank hochwertiger Inhaltsstoffe mindert das \u00d6l Pigmentflecken und beugt deren Neubildung vor. Zus\u00e4tzlich pflegen Omega 3 und 6 Ihre Haut und sch\u00fctzen vor freien Radikalen, die f\u00fcr die Alterung der Haut verantwortlich gemacht werden. Ihre Haut sieht optimal gepflegt aus und wirkt strahlend frisch.<\/p>\n","protected":false},"excerpt":{"rendered":"<p>Orange Blossom Aromatic Care ist ein Aroma-Pflege\u00f6l aus dem Hause Darphin. Es wurde entwickelt, um Ihrer Haut zu einem ebenm\u00e4\u00dfigeren Ton zu verhelfen. Dank hochwertiger Inhaltsstoffe mindert das \u00d6l Pigmentflecken und beugt deren Neubildung vor. Zus\u00e4tzlich pflegen Omega 3 und 6 Ihre Haut und sch\u00fctzen vor freien Radikalen, die f\u00fcr die Alterung der Haut verantwortlich [&hellip;]<\/p>\n","protected":false},"featured_media":120190,"template":"","meta":{"_acf_changed":false},"product_brand":[1325],"product_cat":[792],"product_tag":[],"class_list":{"0":"post-120188","1":"product","2":"type-product","3":"status-publish","4":"has-post-thumbnail","6":"product_brand-darphin","7":"product_cat-d","8":"pa_packungsgroesse-15ml","10":"first","11":"instock","12":"shipping-taxable","13":"purchasable","14":"product-type-simple"},"acf":[],"_links":{"self":[{"href":"https:\/\/www.ernstbrunn-apotheke.at\/katalog\/wp-json\/wp\/v2\/product\/120188","targetHints":{"allow":["GET"]}}],"collection":[{"href":"https:\/\/www.ernstbrunn-apotheke.at\/katalog\/wp-json\/wp\/v2\/product"}],"about":[{"href":"https:\/\/www.ernstbrunn-apotheke.at\/katalog\/wp-json\/wp\/v2\/types\/product"}],"wp:featuredmedia":[{"embeddable":true,"href":"https:\/\/www.ernstbrunn-apotheke.at\/katalog\/wp-json\/wp\/v2\/media\/120190"}],"wp:attachment":[{"href":"https:\/\/www.ernstbrunn-apotheke.at\/katalog\/wp-json\/wp\/v2\/media?parent=120188"}],"wp:term":[{"taxonomy":"product_brand","embeddable":true,"href":"https:\/\/www.ernstbrunn-apotheke.at\/katalog\/wp-json\/wp\/v2\/product_brand?post=120188"},{"taxonomy":"product_cat","embeddable":true,"href":"https:\/\/www.ernstbrunn-apotheke.at\/katalog\/wp-json\/wp\/v2\/product_cat?post=120188"},{"taxonomy":"product_tag","embeddable":true,"href":"https:\/\/www.ernstbrunn-apotheke.at\/katalog\/wp-json\/wp\/v2\/product_tag?post=120188"}],"curies":[{"name":"wp","href":"https:\/\/api.w.org\/{rel}","templated":true}]}}