{"id":120184,"date":"2025-11-13T09:16:36","date_gmt":"2025-11-13T08:16:36","guid":{"rendered":"https:\/\/www.ernstbrunn-apotheke.at\/katalog\/produkt\/darphin-essential-oil-elixir-niaouli-aromatic-care-15-ml\/"},"modified":"2025-12-09T09:42:29","modified_gmt":"2025-12-09T08:42:29","slug":"darphin-essential-oil-elixir-niaouli-aromatic-care-15-ml","status":"publish","type":"product","link":"https:\/\/www.ernstbrunn-apotheke.at\/katalog\/produkt\/darphin-essential-oil-elixir-niaouli-aromatic-care-15-ml\/","title":{"rendered":"Darphin Essential Oil Elixir Niaouli Aromatic Care 15 ml"},"content":{"rendered":"<p>Niaouli Aromatic Care von Darphin ist ein Aroma-Pflege\u00f6l, das entwickelt wurde, um die \u00d6lproduktion Ihrer Haut zu regulieren. Der Wirkstoff Niaouli sowie weitere mattierende Wirkstoffe kl\u00e4ren die Haut und reduzieren Hautunreinheiten. Dank Omega 6 wird Ihre Haut \u00fcber Nacht gepflegt. Das Ergebnis ist eine \u00fcber Nacht regenerierte Haut, die sich gepflegt und rein anf\u00fchlt.<\/p>\n","protected":false},"excerpt":{"rendered":"<p>Niaouli Aromatic Care von Darphin ist ein Aroma-Pflege\u00f6l, das entwickelt wurde, um die \u00d6lproduktion Ihrer Haut zu regulieren. Der Wirkstoff Niaouli sowie weitere mattierende Wirkstoffe kl\u00e4ren die Haut und reduzieren Hautunreinheiten. Dank Omega 6 wird Ihre Haut \u00fcber Nacht gepflegt. Das Ergebnis ist eine \u00fcber Nacht regenerierte Haut, die sich gepflegt und rein anf\u00fchlt.<\/p>\n","protected":false},"featured_media":120186,"template":"","meta":{"_acf_changed":false},"product_brand":[1325],"product_cat":[792],"product_tag":[],"class_list":{"0":"post-120184","1":"product","2":"type-product","3":"status-publish","4":"has-post-thumbnail","6":"product_brand-darphin","7":"product_cat-d","8":"pa_packungsgroesse-15ml","10":"first","11":"instock","12":"shipping-taxable","13":"purchasable","14":"product-type-simple"},"acf":[],"_links":{"self":[{"href":"https:\/\/www.ernstbrunn-apotheke.at\/katalog\/wp-json\/wp\/v2\/product\/120184","targetHints":{"allow":["GET"]}}],"collection":[{"href":"https:\/\/www.ernstbrunn-apotheke.at\/katalog\/wp-json\/wp\/v2\/product"}],"about":[{"href":"https:\/\/www.ernstbrunn-apotheke.at\/katalog\/wp-json\/wp\/v2\/types\/product"}],"wp:featuredmedia":[{"embeddable":true,"href":"https:\/\/www.ernstbrunn-apotheke.at\/katalog\/wp-json\/wp\/v2\/media\/120186"}],"wp:attachment":[{"href":"https:\/\/www.ernstbrunn-apotheke.at\/katalog\/wp-json\/wp\/v2\/media?parent=120184"}],"wp:term":[{"taxonomy":"product_brand","embeddable":true,"href":"https:\/\/www.ernstbrunn-apotheke.at\/katalog\/wp-json\/wp\/v2\/product_brand?post=120184"},{"taxonomy":"product_cat","embeddable":true,"href":"https:\/\/www.ernstbrunn-apotheke.at\/katalog\/wp-json\/wp\/v2\/product_cat?post=120184"},{"taxonomy":"product_tag","embeddable":true,"href":"https:\/\/www.ernstbrunn-apotheke.at\/katalog\/wp-json\/wp\/v2\/product_tag?post=120184"}],"curies":[{"name":"wp","href":"https:\/\/api.w.org\/{rel}","templated":true}]}}