{"id":120176,"date":"2025-11-13T09:16:07","date_gmt":"2025-11-13T08:16:07","guid":{"rendered":"https:\/\/www.ernstbrunn-apotheke.at\/katalog\/produkt\/darphin-essential-oil-elixir-chamomile-aromatic-care-15-ml\/"},"modified":"2025-12-09T09:42:27","modified_gmt":"2025-12-09T08:42:27","slug":"darphin-essential-oil-elixir-chamomile-aromatic-care-15-ml","status":"publish","type":"product","link":"https:\/\/www.ernstbrunn-apotheke.at\/katalog\/produkt\/darphin-essential-oil-elixir-chamomile-aromatic-care-15-ml\/","title":{"rendered":"Darphin Essential Oil Elixir Chamomile Aromatic Care 15 ml"},"content":{"rendered":"<p>Chamomile Aromatic Care ist ein Aroma-Pflege\u00f6l aus dem Hause Darphin, das speziell entwickelt wurde, um irritierte Haut zu beruhigen. Die pflegende Formel ist angereichert mit franz\u00f6sischer Kamille, Lavendel und Omega 6. So wird Ihre Haut \u00fcber Nacht regeneriert, Irritationen und R\u00f6tungen werden gelindert, Ihre Haut wird dank der Wirkstoffe gesch\u00fctzt und sieht gest\u00e4rkt aus.<\/p>\n","protected":false},"excerpt":{"rendered":"<p>Chamomile Aromatic Care ist ein Aroma-Pflege\u00f6l aus dem Hause Darphin, das speziell entwickelt wurde, um irritierte Haut zu beruhigen. Die pflegende Formel ist angereichert mit franz\u00f6sischer Kamille, Lavendel und Omega 6. So wird Ihre Haut \u00fcber Nacht regeneriert, Irritationen und R\u00f6tungen werden gelindert, Ihre Haut wird dank der Wirkstoffe gesch\u00fctzt und sieht gest\u00e4rkt aus.<\/p>\n","protected":false},"featured_media":120178,"template":"","meta":{"_acf_changed":false},"product_brand":[1325],"product_cat":[792],"product_tag":[],"class_list":{"0":"post-120176","1":"product","2":"type-product","3":"status-publish","4":"has-post-thumbnail","6":"product_brand-darphin","7":"product_cat-d","8":"pa_packungsgroesse-15ml","10":"first","11":"instock","12":"shipping-taxable","13":"purchasable","14":"product-type-simple"},"acf":[],"_links":{"self":[{"href":"https:\/\/www.ernstbrunn-apotheke.at\/katalog\/wp-json\/wp\/v2\/product\/120176","targetHints":{"allow":["GET"]}}],"collection":[{"href":"https:\/\/www.ernstbrunn-apotheke.at\/katalog\/wp-json\/wp\/v2\/product"}],"about":[{"href":"https:\/\/www.ernstbrunn-apotheke.at\/katalog\/wp-json\/wp\/v2\/types\/product"}],"wp:featuredmedia":[{"embeddable":true,"href":"https:\/\/www.ernstbrunn-apotheke.at\/katalog\/wp-json\/wp\/v2\/media\/120178"}],"wp:attachment":[{"href":"https:\/\/www.ernstbrunn-apotheke.at\/katalog\/wp-json\/wp\/v2\/media?parent=120176"}],"wp:term":[{"taxonomy":"product_brand","embeddable":true,"href":"https:\/\/www.ernstbrunn-apotheke.at\/katalog\/wp-json\/wp\/v2\/product_brand?post=120176"},{"taxonomy":"product_cat","embeddable":true,"href":"https:\/\/www.ernstbrunn-apotheke.at\/katalog\/wp-json\/wp\/v2\/product_cat?post=120176"},{"taxonomy":"product_tag","embeddable":true,"href":"https:\/\/www.ernstbrunn-apotheke.at\/katalog\/wp-json\/wp\/v2\/product_tag?post=120176"}],"curies":[{"name":"wp","href":"https:\/\/api.w.org\/{rel}","templated":true}]}}