{"id":120165,"date":"2025-11-13T09:16:07","date_gmt":"2025-11-13T08:16:07","guid":{"rendered":"https:\/\/www.ernstbrunn-apotheke.at\/katalog\/produkt\/darphin-essential-oil-elixir-8-flowers-golden-nectar-aromatic-care-30-ml\/"},"modified":"2025-12-09T09:42:26","modified_gmt":"2025-12-09T08:42:26","slug":"darphin-essential-oil-elixir-8-flowers-golden-nectar-aromatic-care-30-ml","status":"publish","type":"product","link":"https:\/\/www.ernstbrunn-apotheke.at\/katalog\/produkt\/darphin-essential-oil-elixir-8-flowers-golden-nectar-aromatic-care-30-ml\/","title":{"rendered":"Darphin Essential Oil Elixir 8-Flowers Golden Nectar Aromatic Care 30 ml"},"content":{"rendered":"<p>Das 8-Flower Nectar Oil aus dem Hause Darphin wirkt auf der Basis von gleich acht regenerierenden Pflanzen: Immortelle, Ylang Ylang, Patschuli, Neroli, Rose, Lavendel, Jasmin und Iris. Sie versorgen Ihre Haut mit wichtigen nat\u00fcrlichen Wirkstoffen, beruhigen und hydratisieren sie. Zus\u00e4tzlich sch\u00fctzen Antioxidantien und Omega 3 und 6 Ihre Haut vor freien Radikalen, gl\u00e4tten und festigen sie. Das Ergebnis ist eine jugendlichere Haut, die strahlend frisch aussieht und sich gesund anf\u00fchlt.<\/p>\n","protected":false},"excerpt":{"rendered":"<p>Das 8-Flower Nectar Oil aus dem Hause Darphin wirkt auf der Basis von gleich acht regenerierenden Pflanzen: Immortelle, Ylang Ylang, Patschuli, Neroli, Rose, Lavendel, Jasmin und Iris. Sie versorgen Ihre Haut mit wichtigen nat\u00fcrlichen Wirkstoffen, beruhigen und hydratisieren sie. Zus\u00e4tzlich sch\u00fctzen Antioxidantien und Omega 3 und 6 Ihre Haut vor freien Radikalen, gl\u00e4tten und festigen [&hellip;]<\/p>\n","protected":false},"featured_media":120167,"template":"","meta":{"_acf_changed":false},"product_brand":[1325],"product_cat":[792],"product_tag":[],"class_list":{"0":"post-120165","1":"product","2":"type-product","3":"status-publish","4":"has-post-thumbnail","6":"product_brand-darphin","7":"product_cat-d","8":"pa_packungsgroesse-30ml","10":"first","11":"instock","12":"shipping-taxable","13":"purchasable","14":"product-type-simple"},"acf":[],"_links":{"self":[{"href":"https:\/\/www.ernstbrunn-apotheke.at\/katalog\/wp-json\/wp\/v2\/product\/120165","targetHints":{"allow":["GET"]}}],"collection":[{"href":"https:\/\/www.ernstbrunn-apotheke.at\/katalog\/wp-json\/wp\/v2\/product"}],"about":[{"href":"https:\/\/www.ernstbrunn-apotheke.at\/katalog\/wp-json\/wp\/v2\/types\/product"}],"wp:featuredmedia":[{"embeddable":true,"href":"https:\/\/www.ernstbrunn-apotheke.at\/katalog\/wp-json\/wp\/v2\/media\/120167"}],"wp:attachment":[{"href":"https:\/\/www.ernstbrunn-apotheke.at\/katalog\/wp-json\/wp\/v2\/media?parent=120165"}],"wp:term":[{"taxonomy":"product_brand","embeddable":true,"href":"https:\/\/www.ernstbrunn-apotheke.at\/katalog\/wp-json\/wp\/v2\/product_brand?post=120165"},{"taxonomy":"product_cat","embeddable":true,"href":"https:\/\/www.ernstbrunn-apotheke.at\/katalog\/wp-json\/wp\/v2\/product_cat?post=120165"},{"taxonomy":"product_tag","embeddable":true,"href":"https:\/\/www.ernstbrunn-apotheke.at\/katalog\/wp-json\/wp\/v2\/product_tag?post=120165"}],"curies":[{"name":"wp","href":"https:\/\/api.w.org\/{rel}","templated":true}]}}