{"id":120152,"date":"2025-11-13T09:15:27","date_gmt":"2025-11-13T08:15:27","guid":{"rendered":"https:\/\/www.ernstbrunn-apotheke.at\/katalog\/produkt\/gall-pharma-curcuma-200-mg-kapseln-360-stk\/"},"modified":"2025-12-09T09:42:23","modified_gmt":"2025-12-09T08:42:23","slug":"gall-pharma-curcuma-200-mg-kapseln-360-stk","status":"publish","type":"product","link":"https:\/\/www.ernstbrunn-apotheke.at\/katalog\/produkt\/gall-pharma-curcuma-200-mg-kapseln-360-stk\/","title":{"rendered":"Gall Pharma Curcuma 200 mg Kapseln 360 Stk."},"content":{"rendered":"<p>Gall Pharma Curcuma 200 mg Kapseln 360 Stk. helfen bei Beschwerden wie Druck und Schmerzen im Oberbauch, V\u00f6llegef\u00fchl oder Bl\u00e4hungen, die auf einer gest\u00f6rten Fettverbrennung beruhen. Die Curcuminoide (u.a. Curcumin) regen die Produktion von Galle an, dass diese nach vermehrter Aussch\u00fcttung f\u00fcr eine verbesserte Fettverdauung sorgen kann. Zus\u00e4tzlich wirken die \u00e4therischen \u00d6le des Gew\u00fcrzes ern\u00e4hrungsphysiologisch beruhigend auf Magen und Darm und die Curcuma Kapseln eignen sich zudem als Nahrungserg\u00e4nzungsmittel bei Schwellungen beziehungsweise Morgensteifheit der Gelenke und k\u00f6nnen die Gehf\u00e4higkeit verbessern.<\/p>\n","protected":false},"excerpt":{"rendered":"<p>Gall Pharma Curcuma 200 mg Kapseln 360 Stk. helfen bei Beschwerden wie Druck und Schmerzen im Oberbauch, V\u00f6llegef\u00fchl oder Bl\u00e4hungen, die auf einer gest\u00f6rten Fettverbrennung beruhen. Die Curcuminoide (u.a. Curcumin) regen die Produktion von Galle an, dass diese nach vermehrter Aussch\u00fcttung f\u00fcr eine verbesserte Fettverdauung sorgen kann. Zus\u00e4tzlich wirken die \u00e4therischen \u00d6le des Gew\u00fcrzes ern\u00e4hrungsphysiologisch [&hellip;]<\/p>\n","protected":false},"featured_media":120154,"template":"","meta":{"_acf_changed":false},"product_brand":[371],"product_cat":[810],"product_tag":[],"class_list":{"0":"post-120152","1":"product","2":"type-product","3":"status-publish","4":"has-post-thumbnail","6":"product_brand-gall-pharma","7":"product_cat-g","8":"pa_packungsgroesse-360-stueck","10":"first","11":"instock","12":"shipping-taxable","13":"purchasable","14":"product-type-simple"},"acf":[],"_links":{"self":[{"href":"https:\/\/www.ernstbrunn-apotheke.at\/katalog\/wp-json\/wp\/v2\/product\/120152","targetHints":{"allow":["GET"]}}],"collection":[{"href":"https:\/\/www.ernstbrunn-apotheke.at\/katalog\/wp-json\/wp\/v2\/product"}],"about":[{"href":"https:\/\/www.ernstbrunn-apotheke.at\/katalog\/wp-json\/wp\/v2\/types\/product"}],"wp:featuredmedia":[{"embeddable":true,"href":"https:\/\/www.ernstbrunn-apotheke.at\/katalog\/wp-json\/wp\/v2\/media\/120154"}],"wp:attachment":[{"href":"https:\/\/www.ernstbrunn-apotheke.at\/katalog\/wp-json\/wp\/v2\/media?parent=120152"}],"wp:term":[{"taxonomy":"product_brand","embeddable":true,"href":"https:\/\/www.ernstbrunn-apotheke.at\/katalog\/wp-json\/wp\/v2\/product_brand?post=120152"},{"taxonomy":"product_cat","embeddable":true,"href":"https:\/\/www.ernstbrunn-apotheke.at\/katalog\/wp-json\/wp\/v2\/product_cat?post=120152"},{"taxonomy":"product_tag","embeddable":true,"href":"https:\/\/www.ernstbrunn-apotheke.at\/katalog\/wp-json\/wp\/v2\/product_tag?post=120152"}],"curies":[{"name":"wp","href":"https:\/\/api.w.org\/{rel}","templated":true}]}}