{"id":120146,"date":"2025-11-13T09:15:27","date_gmt":"2025-11-13T08:15:27","guid":{"rendered":"https:\/\/www.ernstbrunn-apotheke.at\/katalog\/produkt\/weleda-cuprum-metallicum-pr-20-g-d-6-trituration\/"},"modified":"2025-12-09T09:42:23","modified_gmt":"2025-12-09T08:42:23","slug":"weleda-cuprum-metallicum-pr-20-g-d-6-trituration","status":"publish","type":"product","link":"https:\/\/www.ernstbrunn-apotheke.at\/katalog\/produkt\/weleda-cuprum-metallicum-pr-20-g-d-6-trituration\/","title":{"rendered":"Weleda Cuprum Metallicum PR 20 g D 6 Trituration"},"content":{"rendered":"<p>Weleda Cuprum Metallicum wird bei ven\u00f6sen Durchblutungsst\u00f6rungen in den Beinen, wie sie etwa nach langem Stehen oder Sitzen aufteten, angewendet. Dar\u00fcber hinaus wird das Mittel auch gerne bei Verkrampfungen aller Art, insbesondere der glatten Muskulatur, eingesetzt.<\/p>\n","protected":false},"excerpt":{"rendered":"<p>Weleda Cuprum Metallicum wird bei ven\u00f6sen Durchblutungsst\u00f6rungen in den Beinen, wie sie etwa nach langem Stehen oder Sitzen aufteten, angewendet. Dar\u00fcber hinaus wird das Mittel auch gerne bei Verkrampfungen aller Art, insbesondere der glatten Muskulatur, eingesetzt.<\/p>\n","protected":false},"featured_media":120148,"template":"","meta":{"_acf_changed":false},"product_brand":[567],"product_cat":[796],"product_tag":[],"class_list":{"0":"post-120146","1":"product","2":"type-product","3":"status-publish","4":"has-post-thumbnail","6":"product_brand-weleda","7":"product_cat-w","8":"pa_packungsgroesse-20g","10":"first","11":"instock","12":"shipping-taxable","13":"purchasable","14":"product-type-simple"},"acf":[],"_links":{"self":[{"href":"https:\/\/www.ernstbrunn-apotheke.at\/katalog\/wp-json\/wp\/v2\/product\/120146","targetHints":{"allow":["GET"]}}],"collection":[{"href":"https:\/\/www.ernstbrunn-apotheke.at\/katalog\/wp-json\/wp\/v2\/product"}],"about":[{"href":"https:\/\/www.ernstbrunn-apotheke.at\/katalog\/wp-json\/wp\/v2\/types\/product"}],"wp:featuredmedia":[{"embeddable":true,"href":"https:\/\/www.ernstbrunn-apotheke.at\/katalog\/wp-json\/wp\/v2\/media\/120148"}],"wp:attachment":[{"href":"https:\/\/www.ernstbrunn-apotheke.at\/katalog\/wp-json\/wp\/v2\/media?parent=120146"}],"wp:term":[{"taxonomy":"product_brand","embeddable":true,"href":"https:\/\/www.ernstbrunn-apotheke.at\/katalog\/wp-json\/wp\/v2\/product_brand?post=120146"},{"taxonomy":"product_cat","embeddable":true,"href":"https:\/\/www.ernstbrunn-apotheke.at\/katalog\/wp-json\/wp\/v2\/product_cat?post=120146"},{"taxonomy":"product_tag","embeddable":true,"href":"https:\/\/www.ernstbrunn-apotheke.at\/katalog\/wp-json\/wp\/v2\/product_tag?post=120146"}],"curies":[{"name":"wp","href":"https:\/\/api.w.org\/{rel}","templated":true}]}}