{"id":120120,"date":"2025-11-13T09:14:53","date_gmt":"2025-11-13T08:14:53","guid":{"rendered":"https:\/\/www.ernstbrunn-apotheke.at\/katalog\/produkt\/couperose-roetungen-aederchen-forte-balsam-30-ml\/"},"modified":"2025-12-08T23:18:57","modified_gmt":"2025-12-08T22:18:57","slug":"couperose-roetungen-aederchen-forte-balsam-30-ml","status":"publish","type":"product","link":"https:\/\/www.ernstbrunn-apotheke.at\/katalog\/produkt\/couperose-roetungen-aederchen-forte-balsam-30-ml\/","title":{"rendered":"Couperose R\u00f6tungen &#038; \u00c4derchen Forte Balsam 30 ml"},"content":{"rendered":"<p>Couperose R\u00f6tungen &#038; \u00c4derchen Forte Balsam ist ein pflegender Balsam gegen Hautr\u00f6tungen und \u00c4derchen. Der n\u00e4hrende Balsam st\u00e4rkt die Haut und Blutgef\u00e4\u00dfe, reduziert das Erscheinungsbild von Couperose und Hautr\u00f6tungen. Es h\u00e4lt den Feuchtigkeitshaushalt der Haut im Gleichgewicht. Die einzigartige Kombination von Wirkstoffen sch\u00fctzt und beruhigt die Haut und l\u00e4sst sie harmonisch, weich und ebenm\u00e4\u00dfig aussehen.<\/p>\n","protected":false},"excerpt":{"rendered":"<p>Couperose R\u00f6tungen &#038; \u00c4derchen Forte Balsam ist ein pflegender Balsam gegen Hautr\u00f6tungen und \u00c4derchen. Der n\u00e4hrende Balsam st\u00e4rkt die Haut und Blutgef\u00e4\u00dfe, reduziert das Erscheinungsbild von Couperose und Hautr\u00f6tungen. Es h\u00e4lt den Feuchtigkeitshaushalt der Haut im Gleichgewicht. Die einzigartige Kombination von Wirkstoffen sch\u00fctzt und beruhigt die Haut und l\u00e4sst sie harmonisch, weich und ebenm\u00e4\u00dfig aussehen.<\/p>\n","protected":false},"featured_media":120122,"template":"","meta":{"_acf_changed":false},"product_brand":[],"product_cat":[812],"product_tag":[],"class_list":{"0":"post-120120","1":"product","2":"type-product","3":"status-publish","4":"has-post-thumbnail","6":"product_cat-c","7":"pa_packungsgroesse-30ml","9":"first","10":"instock","11":"shipping-taxable","12":"purchasable","13":"product-type-simple"},"acf":[],"_links":{"self":[{"href":"https:\/\/www.ernstbrunn-apotheke.at\/katalog\/wp-json\/wp\/v2\/product\/120120","targetHints":{"allow":["GET"]}}],"collection":[{"href":"https:\/\/www.ernstbrunn-apotheke.at\/katalog\/wp-json\/wp\/v2\/product"}],"about":[{"href":"https:\/\/www.ernstbrunn-apotheke.at\/katalog\/wp-json\/wp\/v2\/types\/product"}],"wp:featuredmedia":[{"embeddable":true,"href":"https:\/\/www.ernstbrunn-apotheke.at\/katalog\/wp-json\/wp\/v2\/media\/120122"}],"wp:attachment":[{"href":"https:\/\/www.ernstbrunn-apotheke.at\/katalog\/wp-json\/wp\/v2\/media?parent=120120"}],"wp:term":[{"taxonomy":"product_brand","embeddable":true,"href":"https:\/\/www.ernstbrunn-apotheke.at\/katalog\/wp-json\/wp\/v2\/product_brand?post=120120"},{"taxonomy":"product_cat","embeddable":true,"href":"https:\/\/www.ernstbrunn-apotheke.at\/katalog\/wp-json\/wp\/v2\/product_cat?post=120120"},{"taxonomy":"product_tag","embeddable":true,"href":"https:\/\/www.ernstbrunn-apotheke.at\/katalog\/wp-json\/wp\/v2\/product_tag?post=120120"}],"curies":[{"name":"wp","href":"https:\/\/api.w.org\/{rel}","templated":true}]}}