{"id":120110,"date":"2025-11-13T09:14:09","date_gmt":"2025-11-13T08:14:09","guid":{"rendered":"https:\/\/www.ernstbrunn-apotheke.at\/katalog\/produkt\/contam-inkontinenz-tampons-startset-3-stk\/"},"modified":"2025-12-08T23:18:53","modified_gmt":"2025-12-08T22:18:53","slug":"contam-inkontinenz-tampons-startset-3-stk","status":"publish","type":"product","link":"https:\/\/www.ernstbrunn-apotheke.at\/katalog\/produkt\/contam-inkontinenz-tampons-startset-3-stk\/","title":{"rendered":"Contam Inkontinenz Tampons Startset 3 Stk."},"content":{"rendered":"<p>Blasenschw\u00e4che ist ein sehr pers\u00f6nliches Problem \u2013 Contam ist der Inkontinenztampon zur Selbstvesorgung bei Blasenschw\u00e4che, mit dem Sie sich ohne fremde Hilfe helfen k\u00f6nnen! Contam wird bei Belastungs- (Stress) Inkontinenz und zur St\u00e4rkung\/Aktivierung der Beckenbodenmuskulatur verwendet. Es verhindert sicher unkontrollierten Harnabgang und ist einfach und problemlos anwendbar. .<\/p>\n","protected":false},"excerpt":{"rendered":"<p>Blasenschw\u00e4che ist ein sehr pers\u00f6nliches Problem \u2013 Contam ist der Inkontinenztampon zur Selbstvesorgung bei Blasenschw\u00e4che, mit dem Sie sich ohne fremde Hilfe helfen k\u00f6nnen! Contam wird bei Belastungs- (Stress) Inkontinenz und zur St\u00e4rkung\/Aktivierung der Beckenbodenmuskulatur verwendet. Es verhindert sicher unkontrollierten Harnabgang und ist einfach und problemlos anwendbar. .<\/p>\n","protected":false},"featured_media":120112,"template":"","meta":{"_acf_changed":false},"product_brand":[],"product_cat":[812],"product_tag":[],"class_list":{"0":"post-120110","1":"product","2":"type-product","3":"status-publish","4":"has-post-thumbnail","6":"product_cat-c","7":"pa_packungsgroesse-3-stueck","9":"first","10":"instock","11":"shipping-taxable","12":"purchasable","13":"product-type-simple"},"acf":[],"_links":{"self":[{"href":"https:\/\/www.ernstbrunn-apotheke.at\/katalog\/wp-json\/wp\/v2\/product\/120110","targetHints":{"allow":["GET"]}}],"collection":[{"href":"https:\/\/www.ernstbrunn-apotheke.at\/katalog\/wp-json\/wp\/v2\/product"}],"about":[{"href":"https:\/\/www.ernstbrunn-apotheke.at\/katalog\/wp-json\/wp\/v2\/types\/product"}],"wp:featuredmedia":[{"embeddable":true,"href":"https:\/\/www.ernstbrunn-apotheke.at\/katalog\/wp-json\/wp\/v2\/media\/120112"}],"wp:attachment":[{"href":"https:\/\/www.ernstbrunn-apotheke.at\/katalog\/wp-json\/wp\/v2\/media?parent=120110"}],"wp:term":[{"taxonomy":"product_brand","embeddable":true,"href":"https:\/\/www.ernstbrunn-apotheke.at\/katalog\/wp-json\/wp\/v2\/product_brand?post=120110"},{"taxonomy":"product_cat","embeddable":true,"href":"https:\/\/www.ernstbrunn-apotheke.at\/katalog\/wp-json\/wp\/v2\/product_cat?post=120110"},{"taxonomy":"product_tag","embeddable":true,"href":"https:\/\/www.ernstbrunn-apotheke.at\/katalog\/wp-json\/wp\/v2\/product_tag?post=120110"}],"curies":[{"name":"wp","href":"https:\/\/api.w.org\/{rel}","templated":true}]}}