{"id":120080,"date":"2025-11-13T09:13:44","date_gmt":"2025-11-13T08:13:44","guid":{"rendered":"https:\/\/www.ernstbrunn-apotheke.at\/katalog\/produkt\/coenzym-q10-200-mg-kapseln-120-stk\/"},"modified":"2025-12-08T23:18:46","modified_gmt":"2025-12-08T22:18:46","slug":"coenzym-q10-200-mg-kapseln-120-stk","status":"publish","type":"product","link":"https:\/\/www.ernstbrunn-apotheke.at\/katalog\/produkt\/coenzym-q10-200-mg-kapseln-120-stk\/","title":{"rendered":"Coenzym Q10 200 mg Kapseln 120 Stk."},"content":{"rendered":"<p>Coenzym Q10 200 mg Kapseln mit 98% Ubichinon-10 verf\u00fcgt \u00fcber 200 mg Wirkstoff pro Kapsel und gilt als besonderes Antioxidant. Antioxidantien sch\u00fctzen die Zellen vor freien Radikalen. Das Coenzym Q10 gilt als ein sehr starkes Antioxidans.<\/p>\n","protected":false},"excerpt":{"rendered":"<p>Coenzym Q10 200 mg Kapseln mit 98% Ubichinon-10 verf\u00fcgt \u00fcber 200 mg Wirkstoff pro Kapsel und gilt als besonderes Antioxidant. Antioxidantien sch\u00fctzen die Zellen vor freien Radikalen. Das Coenzym Q10 gilt als ein sehr starkes Antioxidans.<\/p>\n","protected":false},"featured_media":120082,"template":"","meta":{"_acf_changed":false},"product_brand":[],"product_cat":[812],"product_tag":[],"class_list":{"0":"post-120080","1":"product","2":"type-product","3":"status-publish","4":"has-post-thumbnail","6":"product_cat-c","7":"pa_packungsgroesse-120-stueck","9":"first","10":"instock","11":"shipping-taxable","12":"purchasable","13":"product-type-simple"},"acf":[],"_links":{"self":[{"href":"https:\/\/www.ernstbrunn-apotheke.at\/katalog\/wp-json\/wp\/v2\/product\/120080","targetHints":{"allow":["GET"]}}],"collection":[{"href":"https:\/\/www.ernstbrunn-apotheke.at\/katalog\/wp-json\/wp\/v2\/product"}],"about":[{"href":"https:\/\/www.ernstbrunn-apotheke.at\/katalog\/wp-json\/wp\/v2\/types\/product"}],"wp:featuredmedia":[{"embeddable":true,"href":"https:\/\/www.ernstbrunn-apotheke.at\/katalog\/wp-json\/wp\/v2\/media\/120082"}],"wp:attachment":[{"href":"https:\/\/www.ernstbrunn-apotheke.at\/katalog\/wp-json\/wp\/v2\/media?parent=120080"}],"wp:term":[{"taxonomy":"product_brand","embeddable":true,"href":"https:\/\/www.ernstbrunn-apotheke.at\/katalog\/wp-json\/wp\/v2\/product_brand?post=120080"},{"taxonomy":"product_cat","embeddable":true,"href":"https:\/\/www.ernstbrunn-apotheke.at\/katalog\/wp-json\/wp\/v2\/product_cat?post=120080"},{"taxonomy":"product_tag","embeddable":true,"href":"https:\/\/www.ernstbrunn-apotheke.at\/katalog\/wp-json\/wp\/v2\/product_tag?post=120080"}],"curies":[{"name":"wp","href":"https:\/\/api.w.org\/{rel}","templated":true}]}}