{"id":120060,"date":"2025-11-13T09:13:13","date_gmt":"2025-11-13T08:13:13","guid":{"rendered":"https:\/\/www.ernstbrunn-apotheke.at\/katalog\/produkt\/gall-pharma-chondroitinsulfat-kapseln-360-stk\/"},"modified":"2025-12-08T23:18:37","modified_gmt":"2025-12-08T22:18:37","slug":"gall-pharma-chondroitinsulfat-kapseln-360-stk","status":"publish","type":"product","link":"https:\/\/www.ernstbrunn-apotheke.at\/katalog\/produkt\/gall-pharma-chondroitinsulfat-kapseln-360-stk\/","title":{"rendered":"Gall Pharma Chondroitinsulfat Kapseln 360 Stk."},"content":{"rendered":"<p>Gall Pharma Chondroitinsulfat Kapseln tragen dazu bei, dass der Knorpelaufbau unterst\u00fctzt, die Beweglichkeit gesteigert, die Gelenksfunktion verbessert und Gelenksschmerzen gemildert werden. Diese Kapseln erhalten Sie in den Packungsgr\u00f6\u00dfen 60, 120, 180 und 360 St\u00fcck.<\/p>\n","protected":false},"excerpt":{"rendered":"<p>Gall Pharma Chondroitinsulfat Kapseln tragen dazu bei, dass der Knorpelaufbau unterst\u00fctzt, die Beweglichkeit gesteigert, die Gelenksfunktion verbessert und Gelenksschmerzen gemildert werden. Diese Kapseln erhalten Sie in den Packungsgr\u00f6\u00dfen 60, 120, 180 und 360 St\u00fcck.<\/p>\n","protected":false},"featured_media":120062,"template":"","meta":{"_acf_changed":false},"product_brand":[371],"product_cat":[810],"product_tag":[],"class_list":{"0":"post-120060","1":"product","2":"type-product","3":"status-publish","4":"has-post-thumbnail","6":"product_brand-gall-pharma","7":"product_cat-g","8":"pa_packungsgroesse-360-stueck","10":"first","11":"instock","12":"shipping-taxable","13":"purchasable","14":"product-type-simple"},"acf":[],"_links":{"self":[{"href":"https:\/\/www.ernstbrunn-apotheke.at\/katalog\/wp-json\/wp\/v2\/product\/120060","targetHints":{"allow":["GET"]}}],"collection":[{"href":"https:\/\/www.ernstbrunn-apotheke.at\/katalog\/wp-json\/wp\/v2\/product"}],"about":[{"href":"https:\/\/www.ernstbrunn-apotheke.at\/katalog\/wp-json\/wp\/v2\/types\/product"}],"wp:featuredmedia":[{"embeddable":true,"href":"https:\/\/www.ernstbrunn-apotheke.at\/katalog\/wp-json\/wp\/v2\/media\/120062"}],"wp:attachment":[{"href":"https:\/\/www.ernstbrunn-apotheke.at\/katalog\/wp-json\/wp\/v2\/media?parent=120060"}],"wp:term":[{"taxonomy":"product_brand","embeddable":true,"href":"https:\/\/www.ernstbrunn-apotheke.at\/katalog\/wp-json\/wp\/v2\/product_brand?post=120060"},{"taxonomy":"product_cat","embeddable":true,"href":"https:\/\/www.ernstbrunn-apotheke.at\/katalog\/wp-json\/wp\/v2\/product_cat?post=120060"},{"taxonomy":"product_tag","embeddable":true,"href":"https:\/\/www.ernstbrunn-apotheke.at\/katalog\/wp-json\/wp\/v2\/product_tag?post=120060"}],"curies":[{"name":"wp","href":"https:\/\/api.w.org\/{rel}","templated":true}]}}