{"id":120055,"date":"2025-11-13T09:13:13","date_gmt":"2025-11-13T08:13:13","guid":{"rendered":"https:\/\/www.ernstbrunn-apotheke.at\/katalog\/produkt\/gall-pharma-chondroitin-plus-glucosamin-kapseln-11-360-stk\/"},"modified":"2025-12-08T23:18:36","modified_gmt":"2025-12-08T22:18:36","slug":"gall-pharma-chondroitin-plus-glucosamin-kapseln-11-360-stk","status":"publish","type":"product","link":"https:\/\/www.ernstbrunn-apotheke.at\/katalog\/produkt\/gall-pharma-chondroitin-plus-glucosamin-kapseln-11-360-stk\/","title":{"rendered":"Gall Pharma Chondroitin plus Glucosamin Kapseln 1:1 360 Stk."},"content":{"rendered":"<p>Gall Pharma Chondroitin plus Glucosamin Kapseln 1:1 tragen dazu bei, dass die Gelenksfl\u00fcssigkeit in den Gelenken und der Gelenkknorpel in ihren Normalzustand zur\u00fcckgef\u00fchrt werden bzw. die besch\u00e4digten Knorpel repariert werden.Dieses Produkt ist in den Packungsgr\u00f6\u00dfen 60, 180 und 360 St\u00fcck erh\u00e4ltlich.<\/p>\n","protected":false},"excerpt":{"rendered":"<p>Gall Pharma Chondroitin plus Glucosamin Kapseln 1:1 tragen dazu bei, dass die Gelenksfl\u00fcssigkeit in den Gelenken und der Gelenkknorpel in ihren Normalzustand zur\u00fcckgef\u00fchrt werden bzw. die besch\u00e4digten Knorpel repariert werden.Dieses Produkt ist in den Packungsgr\u00f6\u00dfen 60, 180 und 360 St\u00fcck erh\u00e4ltlich.<\/p>\n","protected":false},"featured_media":120057,"template":"","meta":{"_acf_changed":false},"product_brand":[371],"product_cat":[810],"product_tag":[],"class_list":{"0":"post-120055","1":"product","2":"type-product","3":"status-publish","4":"has-post-thumbnail","6":"product_brand-gall-pharma","7":"product_cat-g","8":"pa_packungsgroesse-360-stueck","10":"first","11":"instock","12":"shipping-taxable","13":"purchasable","14":"product-type-simple"},"acf":[],"_links":{"self":[{"href":"https:\/\/www.ernstbrunn-apotheke.at\/katalog\/wp-json\/wp\/v2\/product\/120055","targetHints":{"allow":["GET"]}}],"collection":[{"href":"https:\/\/www.ernstbrunn-apotheke.at\/katalog\/wp-json\/wp\/v2\/product"}],"about":[{"href":"https:\/\/www.ernstbrunn-apotheke.at\/katalog\/wp-json\/wp\/v2\/types\/product"}],"wp:featuredmedia":[{"embeddable":true,"href":"https:\/\/www.ernstbrunn-apotheke.at\/katalog\/wp-json\/wp\/v2\/media\/120057"}],"wp:attachment":[{"href":"https:\/\/www.ernstbrunn-apotheke.at\/katalog\/wp-json\/wp\/v2\/media?parent=120055"}],"wp:term":[{"taxonomy":"product_brand","embeddable":true,"href":"https:\/\/www.ernstbrunn-apotheke.at\/katalog\/wp-json\/wp\/v2\/product_brand?post=120055"},{"taxonomy":"product_cat","embeddable":true,"href":"https:\/\/www.ernstbrunn-apotheke.at\/katalog\/wp-json\/wp\/v2\/product_cat?post=120055"},{"taxonomy":"product_tag","embeddable":true,"href":"https:\/\/www.ernstbrunn-apotheke.at\/katalog\/wp-json\/wp\/v2\/product_tag?post=120055"}],"curies":[{"name":"wp","href":"https:\/\/api.w.org\/{rel}","templated":true}]}}