{"id":120045,"date":"2025-11-13T09:12:11","date_gmt":"2025-11-13T08:12:11","guid":{"rendered":"https:\/\/www.ernstbrunn-apotheke.at\/katalog\/produkt\/gall-pharma-chili-extrakt-kapseln-100mg-180-stk\/"},"modified":"2025-12-08T23:18:31","modified_gmt":"2025-12-08T22:18:31","slug":"gall-pharma-chili-extrakt-kapseln-100mg-180-stk","status":"publish","type":"product","link":"https:\/\/www.ernstbrunn-apotheke.at\/katalog\/produkt\/gall-pharma-chili-extrakt-kapseln-100mg-180-stk\/","title":{"rendered":"Gall Pharma Chili Extrakt Kapseln 100mg 180 Stk."},"content":{"rendered":"<p>Chili Extrakt 100 mg GPH Kapseln enthalten ein CapsimaxTM Extrakt und k\u00f6nnen bei Di\u00e4ten f\u00f6rderlich sein. Sie vermindern die Aufnahme von Kalorien und reduzieren das Hungergef\u00fchl. Capsaicinoide erh\u00f6hen den Fettstoffwechsel und f\u00f6rdern so die Fettverbrennung.<\/p>\n","protected":false},"excerpt":{"rendered":"<p>Chili Extrakt 100 mg GPH Kapseln enthalten ein CapsimaxTM Extrakt und k\u00f6nnen bei Di\u00e4ten f\u00f6rderlich sein. Sie vermindern die Aufnahme von Kalorien und reduzieren das Hungergef\u00fchl. Capsaicinoide erh\u00f6hen den Fettstoffwechsel und f\u00f6rdern so die Fettverbrennung.<\/p>\n","protected":false},"featured_media":120047,"template":"","meta":{"_acf_changed":false},"product_brand":[371],"product_cat":[810],"product_tag":[],"class_list":{"0":"post-120045","1":"product","2":"type-product","3":"status-publish","4":"has-post-thumbnail","6":"product_brand-gall-pharma","7":"product_cat-g","8":"pa_packungsgroesse-180-stueck","10":"first","11":"instock","12":"shipping-taxable","13":"purchasable","14":"product-type-simple"},"acf":[],"_links":{"self":[{"href":"https:\/\/www.ernstbrunn-apotheke.at\/katalog\/wp-json\/wp\/v2\/product\/120045","targetHints":{"allow":["GET"]}}],"collection":[{"href":"https:\/\/www.ernstbrunn-apotheke.at\/katalog\/wp-json\/wp\/v2\/product"}],"about":[{"href":"https:\/\/www.ernstbrunn-apotheke.at\/katalog\/wp-json\/wp\/v2\/types\/product"}],"wp:featuredmedia":[{"embeddable":true,"href":"https:\/\/www.ernstbrunn-apotheke.at\/katalog\/wp-json\/wp\/v2\/media\/120047"}],"wp:attachment":[{"href":"https:\/\/www.ernstbrunn-apotheke.at\/katalog\/wp-json\/wp\/v2\/media?parent=120045"}],"wp:term":[{"taxonomy":"product_brand","embeddable":true,"href":"https:\/\/www.ernstbrunn-apotheke.at\/katalog\/wp-json\/wp\/v2\/product_brand?post=120045"},{"taxonomy":"product_cat","embeddable":true,"href":"https:\/\/www.ernstbrunn-apotheke.at\/katalog\/wp-json\/wp\/v2\/product_cat?post=120045"},{"taxonomy":"product_tag","embeddable":true,"href":"https:\/\/www.ernstbrunn-apotheke.at\/katalog\/wp-json\/wp\/v2\/product_tag?post=120045"}],"curies":[{"name":"wp","href":"https:\/\/api.w.org\/{rel}","templated":true}]}}