{"id":120042,"date":"2025-11-13T09:12:11","date_gmt":"2025-11-13T08:12:11","guid":{"rendered":"https:\/\/www.ernstbrunn-apotheke.at\/katalog\/produkt\/dr-jacobs-chi-tea-180g\/"},"modified":"2025-12-08T23:18:30","modified_gmt":"2025-12-08T22:18:30","slug":"dr-jacobs-chi-tea-180g","status":"publish","type":"product","link":"https:\/\/www.ernstbrunn-apotheke.at\/katalog\/produkt\/dr-jacobs-chi-tea-180g\/","title":{"rendered":"Dr. Jacob\u00b4s Chi Tea 180g"},"content":{"rendered":"<p>\u201eChi\u201c hei\u00dft Lebensenergie. Die harmonische Kombination von zw\u00f6lf aufeinander abgestimmten Pflanzenausz\u00fcgen, etwa aus gr\u00fcnem Kaffee und Gr\u00fcntee, machen den besonderen Charakter von Chi-Tea aus. Matetee, Acerola- und Winterkirsche (indischer Ginseng bzw. Ashwagandha), Guarana und Birkenzucker (Xylit) harmonieren perfekt mit vitalisierender Limone und fruchtiger Mango. Der unvergleichliche Genuss, der so entsteht, sorgt f\u00fcr ein gutes K\u00f6rpergef\u00fchl und f\u00fcr Ihr Wohlbefinden.<\/p>\n","protected":false},"excerpt":{"rendered":"<p>\u201eChi\u201c hei\u00dft Lebensenergie. Die harmonische Kombination von zw\u00f6lf aufeinander abgestimmten Pflanzenausz\u00fcgen, etwa aus gr\u00fcnem Kaffee und Gr\u00fcntee, machen den besonderen Charakter von Chi-Tea aus. Matetee, Acerola- und Winterkirsche (indischer Ginseng bzw. Ashwagandha), Guarana und Birkenzucker (Xylit) harmonieren perfekt mit vitalisierender Limone und fruchtiger Mango. Der unvergleichliche Genuss, der so entsteht, sorgt f\u00fcr ein gutes K\u00f6rpergef\u00fchl [&hellip;]<\/p>\n","protected":false},"featured_media":120044,"template":"","meta":{"_acf_changed":false},"product_brand":[433],"product_cat":[792],"product_tag":[],"class_list":{"0":"post-120042","1":"product","2":"type-product","3":"status-publish","4":"has-post-thumbnail","6":"product_brand-dr-jacobs","7":"product_cat-d","8":"pa_packungsgroesse-180g","10":"first","11":"instock","12":"shipping-taxable","13":"purchasable","14":"product-type-simple"},"acf":[],"_links":{"self":[{"href":"https:\/\/www.ernstbrunn-apotheke.at\/katalog\/wp-json\/wp\/v2\/product\/120042","targetHints":{"allow":["GET"]}}],"collection":[{"href":"https:\/\/www.ernstbrunn-apotheke.at\/katalog\/wp-json\/wp\/v2\/product"}],"about":[{"href":"https:\/\/www.ernstbrunn-apotheke.at\/katalog\/wp-json\/wp\/v2\/types\/product"}],"wp:featuredmedia":[{"embeddable":true,"href":"https:\/\/www.ernstbrunn-apotheke.at\/katalog\/wp-json\/wp\/v2\/media\/120044"}],"wp:attachment":[{"href":"https:\/\/www.ernstbrunn-apotheke.at\/katalog\/wp-json\/wp\/v2\/media?parent=120042"}],"wp:term":[{"taxonomy":"product_brand","embeddable":true,"href":"https:\/\/www.ernstbrunn-apotheke.at\/katalog\/wp-json\/wp\/v2\/product_brand?post=120042"},{"taxonomy":"product_cat","embeddable":true,"href":"https:\/\/www.ernstbrunn-apotheke.at\/katalog\/wp-json\/wp\/v2\/product_cat?post=120042"},{"taxonomy":"product_tag","embeddable":true,"href":"https:\/\/www.ernstbrunn-apotheke.at\/katalog\/wp-json\/wp\/v2\/product_tag?post=120042"}],"curies":[{"name":"wp","href":"https:\/\/api.w.org\/{rel}","templated":true}]}}