{"id":120028,"date":"2025-11-13T09:12:11","date_gmt":"2025-11-13T08:12:11","guid":{"rendered":"https:\/\/www.ernstbrunn-apotheke.at\/katalog\/produkt\/chanca-piedra-tee-basu-105-g\/"},"modified":"2025-12-08T23:18:27","modified_gmt":"2025-12-08T22:18:27","slug":"chanca-piedra-tee-basu-105-g","status":"publish","type":"product","link":"https:\/\/www.ernstbrunn-apotheke.at\/katalog\/produkt\/chanca-piedra-tee-basu-105-g\/","title":{"rendered":"Chanca Piedra Tee Basu 105 g"},"content":{"rendered":"<p>Chance Piedra Tee dient dazu, die Gesundheit der Nieren, der Leber und der Galle zu unterst\u00fctzen. Der spanische Name Chanca Piedra bedeutet &#8222;Steinbrecher&#8220;. In S\u00fcdamerika geh\u00f6rt diese Pflanze traditionell zu den beliebtesten Teesorten..<\/p>\n","protected":false},"excerpt":{"rendered":"<p>Chance Piedra Tee dient dazu, die Gesundheit der Nieren, der Leber und der Galle zu unterst\u00fctzen. Der spanische Name Chanca Piedra bedeutet &#8222;Steinbrecher&#8220;. In S\u00fcdamerika geh\u00f6rt diese Pflanze traditionell zu den beliebtesten Teesorten..<\/p>\n","protected":false},"featured_media":120030,"template":"","meta":{"_acf_changed":false},"product_brand":[],"product_cat":[812],"product_tag":[],"class_list":{"0":"post-120028","1":"product","2":"type-product","3":"status-publish","4":"has-post-thumbnail","6":"product_cat-c","7":"pa_packungsgroesse-105g","9":"first","10":"instock","11":"shipping-taxable","12":"purchasable","13":"product-type-simple"},"acf":[],"_links":{"self":[{"href":"https:\/\/www.ernstbrunn-apotheke.at\/katalog\/wp-json\/wp\/v2\/product\/120028","targetHints":{"allow":["GET"]}}],"collection":[{"href":"https:\/\/www.ernstbrunn-apotheke.at\/katalog\/wp-json\/wp\/v2\/product"}],"about":[{"href":"https:\/\/www.ernstbrunn-apotheke.at\/katalog\/wp-json\/wp\/v2\/types\/product"}],"wp:featuredmedia":[{"embeddable":true,"href":"https:\/\/www.ernstbrunn-apotheke.at\/katalog\/wp-json\/wp\/v2\/media\/120030"}],"wp:attachment":[{"href":"https:\/\/www.ernstbrunn-apotheke.at\/katalog\/wp-json\/wp\/v2\/media?parent=120028"}],"wp:term":[{"taxonomy":"product_brand","embeddable":true,"href":"https:\/\/www.ernstbrunn-apotheke.at\/katalog\/wp-json\/wp\/v2\/product_brand?post=120028"},{"taxonomy":"product_cat","embeddable":true,"href":"https:\/\/www.ernstbrunn-apotheke.at\/katalog\/wp-json\/wp\/v2\/product_cat?post=120028"},{"taxonomy":"product_tag","embeddable":true,"href":"https:\/\/www.ernstbrunn-apotheke.at\/katalog\/wp-json\/wp\/v2\/product_tag?post=120028"}],"curies":[{"name":"wp","href":"https:\/\/api.w.org\/{rel}","templated":true}]}}