{"id":119925,"date":"2025-11-13T09:10:02","date_gmt":"2025-11-13T08:10:02","guid":{"rendered":"https:\/\/www.ernstbrunn-apotheke.at\/katalog\/produkt\/cenovis-bierhefe-flocken-200-g\/"},"modified":"2025-12-08T23:17:49","modified_gmt":"2025-12-08T22:17:49","slug":"cenovis-bierhefe-flocken-200-g","status":"publish","type":"product","link":"https:\/\/www.ernstbrunn-apotheke.at\/katalog\/produkt\/cenovis-bierhefe-flocken-200-g\/","title":{"rendered":"Cenovis Bierhefe Flocken 200 g"},"content":{"rendered":"<p>Bierhefe, das Naturprodukt mit dem h\u00f6chsten Gehalt an nat\u00fcrlichem Vitamin B1 enth\u00e4lt au\u00dferdem wichtige Mineralstoffe und Eiwei\u00df. Bierhefe-W\u00fcrzflocken B1 sind Nahrungserg\u00e4nzung und W\u00fcrzmittel und damit ein nat\u00fcrlicher Beitrag f\u00fcr eine bewusste Ern\u00e4hrung.Bierhefe W\u00fcrzflocken von Cenovis eignen sich optimal zum Verfeinern und W\u00fcrzen von vielen Speisen.Bei regelm\u00e4\u00dfigem Genuss gew\u00e4hrleisten Bierhefe W\u00fcrzflocken von Cenovis nicht nur die Versorgung des Organismus mit dem t\u00e4glich ben\u00f6tigten Vitamin B1, sondern erh\u00f6hen auch den Wohlgeschmack der Speisen. Zudem enth\u00e4lt Bierhefe wertvolles Eiwei\u00df und Mineralstoffe.Eine regelm\u00e4\u00dfige Verwendung von Cenovis Bierhefe W\u00fcrzflocken B1 unterst\u00fctzt die Versorgung des Organismus mit B-Vitaminen. Bereits 7,5 g Cenovis Bierhefe W\u00fcrzflocken B1 (3 Essl\u00f6ffel) decken mehr als 3\/4 des Tagesbedarfs an Vitamin B1. Zur Erzielung der positiven Wirkungen im Rahmen einer abwechslungsreichen und ausgewogenen Ern\u00e4hrung und einer gesunden Lebensweise sind die Verwendung&#8220; und die empfohlenen Verzehrsmengen einzuhalten.&#8220;.<\/p>\n","protected":false},"excerpt":{"rendered":"<p>Bierhefe, das Naturprodukt mit dem h\u00f6chsten Gehalt an nat\u00fcrlichem Vitamin B1 enth\u00e4lt au\u00dferdem wichtige Mineralstoffe und Eiwei\u00df. Bierhefe-W\u00fcrzflocken B1 sind Nahrungserg\u00e4nzung und W\u00fcrzmittel und damit ein nat\u00fcrlicher Beitrag f\u00fcr eine bewusste Ern\u00e4hrung.Bierhefe W\u00fcrzflocken von Cenovis eignen sich optimal zum Verfeinern und W\u00fcrzen von vielen Speisen.Bei regelm\u00e4\u00dfigem Genuss gew\u00e4hrleisten Bierhefe W\u00fcrzflocken von Cenovis nicht nur die [&hellip;]<\/p>\n","protected":false},"featured_media":0,"template":"","meta":{"_acf_changed":false},"product_brand":[],"product_cat":[812],"product_tag":[],"class_list":{"0":"post-119925","1":"product","2":"type-product","3":"status-publish","5":"product_cat-c","6":"pa_packungsgroesse-200g","8":"first","9":"instock","10":"shipping-taxable","11":"purchasable","12":"product-type-simple"},"acf":[],"_links":{"self":[{"href":"https:\/\/www.ernstbrunn-apotheke.at\/katalog\/wp-json\/wp\/v2\/product\/119925","targetHints":{"allow":["GET"]}}],"collection":[{"href":"https:\/\/www.ernstbrunn-apotheke.at\/katalog\/wp-json\/wp\/v2\/product"}],"about":[{"href":"https:\/\/www.ernstbrunn-apotheke.at\/katalog\/wp-json\/wp\/v2\/types\/product"}],"wp:attachment":[{"href":"https:\/\/www.ernstbrunn-apotheke.at\/katalog\/wp-json\/wp\/v2\/media?parent=119925"}],"wp:term":[{"taxonomy":"product_brand","embeddable":true,"href":"https:\/\/www.ernstbrunn-apotheke.at\/katalog\/wp-json\/wp\/v2\/product_brand?post=119925"},{"taxonomy":"product_cat","embeddable":true,"href":"https:\/\/www.ernstbrunn-apotheke.at\/katalog\/wp-json\/wp\/v2\/product_cat?post=119925"},{"taxonomy":"product_tag","embeddable":true,"href":"https:\/\/www.ernstbrunn-apotheke.at\/katalog\/wp-json\/wp\/v2\/product_tag?post=119925"}],"curies":[{"name":"wp","href":"https:\/\/api.w.org\/{rel}","templated":true}]}}