{"id":119905,"date":"2025-11-13T09:09:32","date_gmt":"2025-11-13T08:09:32","guid":{"rendered":"https:\/\/www.ernstbrunn-apotheke.at\/katalog\/produkt\/caudalie-vinotherapist-naehrende-koerperpflege\/"},"modified":"2025-12-08T23:17:37","modified_gmt":"2025-12-08T22:17:37","slug":"caudalie-vinotherapist-naehrende-koerperpflege","status":"publish","type":"product","link":"https:\/\/www.ernstbrunn-apotheke.at\/katalog\/produkt\/caudalie-vinotherapist-naehrende-koerperpflege\/","title":{"rendered":"Caudalie Vinotherapist n\u00e4hrende K\u00f6rperpflege"},"content":{"rendered":"<p>Die N\u00e4hrende K\u00f6rperpflege mit Hyalurons\u00e4ure pflegt und spendet sofortige Feuchtigkeit. F\u00fcr eine weiche, geschmeidige und strahlende Haut den ganzen Tag lang, wie nach einer Pflegebehandlung im Spa Vinoth\u00e9rapie. Die frische und leichte Textur zieht schnell ein, ohne zu fetten und hinterl\u00e4sst einen zarten Duft auf der Haut.<\/p>\n","protected":false},"excerpt":{"rendered":"<p>Die N\u00e4hrende K\u00f6rperpflege mit Hyalurons\u00e4ure pflegt und spendet sofortige Feuchtigkeit. F\u00fcr eine weiche, geschmeidige und strahlende Haut den ganzen Tag lang, wie nach einer Pflegebehandlung im Spa Vinoth\u00e9rapie. Die frische und leichte Textur zieht schnell ein, ohne zu fetten und hinterl\u00e4sst einen zarten Duft auf der Haut.<\/p>\n","protected":false},"featured_media":119907,"template":"","meta":{"_acf_changed":false},"product_brand":[687],"product_cat":[812],"product_tag":[],"class_list":{"0":"post-119905","1":"product","2":"type-product","3":"status-publish","4":"has-post-thumbnail","6":"product_brand-caudalie","7":"product_cat-c","8":"pa_packungsgroesse-400ml","10":"first","11":"instock","12":"shipping-taxable","13":"purchasable","14":"product-type-simple"},"acf":[],"_links":{"self":[{"href":"https:\/\/www.ernstbrunn-apotheke.at\/katalog\/wp-json\/wp\/v2\/product\/119905","targetHints":{"allow":["GET"]}}],"collection":[{"href":"https:\/\/www.ernstbrunn-apotheke.at\/katalog\/wp-json\/wp\/v2\/product"}],"about":[{"href":"https:\/\/www.ernstbrunn-apotheke.at\/katalog\/wp-json\/wp\/v2\/types\/product"}],"wp:featuredmedia":[{"embeddable":true,"href":"https:\/\/www.ernstbrunn-apotheke.at\/katalog\/wp-json\/wp\/v2\/media\/119907"}],"wp:attachment":[{"href":"https:\/\/www.ernstbrunn-apotheke.at\/katalog\/wp-json\/wp\/v2\/media?parent=119905"}],"wp:term":[{"taxonomy":"product_brand","embeddable":true,"href":"https:\/\/www.ernstbrunn-apotheke.at\/katalog\/wp-json\/wp\/v2\/product_brand?post=119905"},{"taxonomy":"product_cat","embeddable":true,"href":"https:\/\/www.ernstbrunn-apotheke.at\/katalog\/wp-json\/wp\/v2\/product_cat?post=119905"},{"taxonomy":"product_tag","embeddable":true,"href":"https:\/\/www.ernstbrunn-apotheke.at\/katalog\/wp-json\/wp\/v2\/product_tag?post=119905"}],"curies":[{"name":"wp","href":"https:\/\/api.w.org\/{rel}","templated":true}]}}