{"id":119890,"date":"2025-11-13T09:09:16","date_gmt":"2025-11-13T08:09:16","guid":{"rendered":"https:\/\/www.ernstbrunn-apotheke.at\/katalog\/produkt\/caudalie-the-des-vignes-naehrende-koerperpflege-mit-hyaluronsaeure-200ml\/"},"modified":"2025-12-08T23:17:30","modified_gmt":"2025-12-08T22:17:30","slug":"caudalie-the-des-vignes-naehrende-koerperpflege-mit-hyaluronsaeure-200ml","status":"publish","type":"product","link":"https:\/\/www.ernstbrunn-apotheke.at\/katalog\/produkt\/caudalie-the-des-vignes-naehrende-koerperpflege-mit-hyaluronsaeure-200ml\/","title":{"rendered":"Caudalie Th\u00e9 des Vignes N\u00e4hrende K\u00f6rperpflege mit Hyalurons\u00e4ure 200ml"},"content":{"rendered":"<p><strong>Caudalie Th&eacute; des Vignes N&auml;hrende K&ouml;rperpflege mit Hyalurons&auml;ure<\/strong><\/p>\n<p>Die Th&eacute; des Vignes N&auml;hrende K&ouml;rperpflege mit Hyalurons&auml;ure spendet Feuchtigkeit und n&auml;hrt sofort, sodass Ihre Haut sichtbar weicher, geschmeidiger und strahlender wird. Die frische, leichte Textur zieht schnell ein, ohne zu fetten. Sie hinterl&auml;sst auf der Haut den zarten Duft des ikonischen Duftes Th&eacute; des Vignes mit Noten von wei&szlig;em Moschus, Neroli und Ingwer.<\/p>\n<p><strong>Hauttyp&nbsp;:<\/strong> Normale Haut<\/p>\n<p><strong>Brauche&nbsp;:<\/strong> Feuchtigkeitsversorgung des K&ouml;rpers<\/p>\n<p><strong>Hauptinhaltsstoffe&nbsp;:<\/strong> Hyaluronsa\u0308ure, Bio-Sheabutter, Polyphenole<strong>Textur&nbsp;:<\/strong> Milch<\/p>\n<p><strong>Verwendung&nbsp;:<\/strong> Morgens und abends, jeden Tag<\/p>\n<p><strong>Rezeptur:<\/strong><\/p>\n<ul>\n<li>98 % Inhaltsstoffe nat&uuml;rlichen Ursprungs<\/li>\n<li>Vegan<\/li>\n<\/ul>\n<p><strong>Sichtbare Resultate<\/strong><\/p>\n<ul>\n<li>87 % der Frauen fanden, dass ihre Haut den ganzen Tag &uuml;ber gut mit Feuchtigkeit versorgt war.*<\/li>\n<\/ul>\n<p>*Klinische Studie, % Zufriedenheit, 22 Probanden, 28 Tage.<\/p>\n<p><strong>Wussten Sie es?<\/strong>Unsere Th&eacute; des Vignes K&ouml;rperpflegeprodukte sind von den sinnlichen Noten des Th&eacute; des Vignes Eau Fra&icirc;che inspiriert, das 2011 von Mathilde Thomas, der Gr&uuml;nderin von Caudalie, in Zusammenarbeit mit dem gro&szlig;en Meisterparf&uuml;meur Jacques Cavallier kreiert wurde. <\/p>\n","protected":false},"excerpt":{"rendered":"<p>Caudalie Th&eacute; des Vignes N&auml;hrende K&ouml;rperpflege mit Hyalurons&auml;ure Die Th&eacute; des Vignes N&auml;hrende K&ouml;rperpflege mit Hyalurons&auml;ure spendet Feuchtigkeit und n&auml;hrt sofort, sodass Ihre Haut sichtbar weicher, geschmeidiger und strahlender wird. Die frische, leichte Textur zieht schnell ein, ohne zu fetten. Sie hinterl&auml;sst auf der Haut den zarten Duft des ikonischen Duftes Th&eacute; des Vignes mit [&hellip;]<\/p>\n","protected":false},"featured_media":119892,"template":"","meta":{"_acf_changed":false},"product_brand":[687],"product_cat":[812],"product_tag":[],"class_list":{"0":"post-119890","1":"product","2":"type-product","3":"status-publish","4":"has-post-thumbnail","6":"product_brand-caudalie","7":"product_cat-c","8":"pa_packungsgroesse-200ml","10":"first","11":"instock","12":"shipping-taxable","13":"purchasable","14":"product-type-simple"},"acf":[],"_links":{"self":[{"href":"https:\/\/www.ernstbrunn-apotheke.at\/katalog\/wp-json\/wp\/v2\/product\/119890","targetHints":{"allow":["GET"]}}],"collection":[{"href":"https:\/\/www.ernstbrunn-apotheke.at\/katalog\/wp-json\/wp\/v2\/product"}],"about":[{"href":"https:\/\/www.ernstbrunn-apotheke.at\/katalog\/wp-json\/wp\/v2\/types\/product"}],"wp:featuredmedia":[{"embeddable":true,"href":"https:\/\/www.ernstbrunn-apotheke.at\/katalog\/wp-json\/wp\/v2\/media\/119892"}],"wp:attachment":[{"href":"https:\/\/www.ernstbrunn-apotheke.at\/katalog\/wp-json\/wp\/v2\/media?parent=119890"}],"wp:term":[{"taxonomy":"product_brand","embeddable":true,"href":"https:\/\/www.ernstbrunn-apotheke.at\/katalog\/wp-json\/wp\/v2\/product_brand?post=119890"},{"taxonomy":"product_cat","embeddable":true,"href":"https:\/\/www.ernstbrunn-apotheke.at\/katalog\/wp-json\/wp\/v2\/product_cat?post=119890"},{"taxonomy":"product_tag","embeddable":true,"href":"https:\/\/www.ernstbrunn-apotheke.at\/katalog\/wp-json\/wp\/v2\/product_tag?post=119890"}],"curies":[{"name":"wp","href":"https:\/\/api.w.org\/{rel}","templated":true}]}}