{"id":119888,"date":"2025-11-13T09:09:16","date_gmt":"2025-11-13T08:09:16","guid":{"rendered":"https:\/\/www.ernstbrunn-apotheke.at\/katalog\/produkt\/caudalie-the-des-vignes-reparierende-hand-und-nagelcreme-75ml\/"},"modified":"2025-12-08T23:17:29","modified_gmt":"2025-12-08T22:17:29","slug":"caudalie-the-des-vignes-reparierende-hand-und-nagelcreme-75ml","status":"publish","type":"product","link":"https:\/\/www.ernstbrunn-apotheke.at\/katalog\/produkt\/caudalie-the-des-vignes-reparierende-hand-und-nagelcreme-75ml\/","title":{"rendered":"Caudalie Th\u00e9 des Vignes Reparierende Hand- und Nagelcreme 75ml"},"content":{"rendered":"<p>Th\u00e9 des Vignes Reparierende Hand- und Nagelcreme<\/p>\n<p>Die Th\u00e9 des Vignes Reparierende Hand- und Nagelcreme pflegt und repariert trockene H\u00e4nde, ohne zu fetten und sch\u00fctzt vor dem Austrocknen der Haut und \u00e4u\u00dferen Einfl\u00fcssen. Spannungsgef\u00fchle werden gelindert, die Haut erscheint weicher, N\u00e4gel und Nagelhaut werden gest\u00e4rkt. Es sorgt f\u00fcr eine mit dem ikonischen Duft von Th\u00e9 des Vignes zart parf\u00fcmierte Haut mit Noten aus wei\u00dfem Moschus, Neroli und Ingwer.<\/p>\n<p><strong>Hauttyp\u00a0:<\/strong> Trockene Haut<strong>Brauche\u00a0:<\/strong> Feuchtigkeitsversorgung des K\u00f6rpers<\/p>\n<p><strong>Hauptinhaltsstoffe\u00a0:<\/strong> Traubenkern\u00f6l, Vinolevure, Bio-Sheabutter, Polyphenole<\/p>\n<p><strong>Textur:<\/strong> Creme<\/p>\n<p><strong>Verwendung:<\/strong> So h\u00e4ufig wie n\u00f6tig<\/p>\n<p><strong>Rezeptur:<\/strong><\/p>\n<ul>\n<li>98 % Inhaltsstoffe nat\u00fcrlichen Ursprungs<\/li>\n<li>Dermatologisch getestet<\/li>\n<li>Vegan<\/li>\n<\/ul>\n<p><strong>Sichtbare Resultate<\/strong><\/p>\n<ul>\n<li>100 % der Frauen fanden, dass Spannungsgef\u00fchle auf der Haut gelindert wurden*<\/li>\n<\/ul>\n<p>*Klinische Studie, % Zufriedenheit, 20 Probanden, 21 Tage.<\/p>\n<p><strong>Wussten Sie es?<\/strong>Unsere K\u00f6rperpflege Th\u00e9 des Vignes ist von den sinnlichen Noten des Eau Fra\u00eeche Th\u00e9 des Vignes inspiriert, das 2011 von Mathilde Thomas, der Gr\u00fcnderin von Caudalie, mit der Hilfe des gro\u00dfen Meisterparf\u00fcmeurs Jacques Cavallier kreiert wurde.<\/p>\n","protected":false},"excerpt":{"rendered":"<p>Th\u00e9 des Vignes Reparierende Hand- und Nagelcreme Die Th\u00e9 des Vignes Reparierende Hand- und Nagelcreme pflegt und repariert trockene H\u00e4nde, ohne zu fetten und sch\u00fctzt vor dem Austrocknen der Haut und \u00e4u\u00dferen Einfl\u00fcssen. Spannungsgef\u00fchle werden gelindert, die Haut erscheint weicher, N\u00e4gel und Nagelhaut werden gest\u00e4rkt. Es sorgt f\u00fcr eine mit dem ikonischen Duft von Th\u00e9 [&hellip;]<\/p>\n","protected":false},"featured_media":0,"template":"","meta":{"_acf_changed":false},"product_brand":[687],"product_cat":[812],"product_tag":[],"class_list":{"0":"post-119888","1":"product","2":"type-product","3":"status-publish","5":"product_brand-caudalie","6":"product_cat-c","7":"pa_packungsgroesse-75ml","9":"first","10":"instock","11":"shipping-taxable","12":"purchasable","13":"product-type-simple"},"acf":[],"_links":{"self":[{"href":"https:\/\/www.ernstbrunn-apotheke.at\/katalog\/wp-json\/wp\/v2\/product\/119888","targetHints":{"allow":["GET"]}}],"collection":[{"href":"https:\/\/www.ernstbrunn-apotheke.at\/katalog\/wp-json\/wp\/v2\/product"}],"about":[{"href":"https:\/\/www.ernstbrunn-apotheke.at\/katalog\/wp-json\/wp\/v2\/types\/product"}],"wp:attachment":[{"href":"https:\/\/www.ernstbrunn-apotheke.at\/katalog\/wp-json\/wp\/v2\/media?parent=119888"}],"wp:term":[{"taxonomy":"product_brand","embeddable":true,"href":"https:\/\/www.ernstbrunn-apotheke.at\/katalog\/wp-json\/wp\/v2\/product_brand?post=119888"},{"taxonomy":"product_cat","embeddable":true,"href":"https:\/\/www.ernstbrunn-apotheke.at\/katalog\/wp-json\/wp\/v2\/product_cat?post=119888"},{"taxonomy":"product_tag","embeddable":true,"href":"https:\/\/www.ernstbrunn-apotheke.at\/katalog\/wp-json\/wp\/v2\/product_tag?post=119888"}],"curies":[{"name":"wp","href":"https:\/\/api.w.org\/{rel}","templated":true}]}}