{"id":119593,"date":"2025-11-13T09:03:36","date_gmt":"2025-11-13T08:03:36","guid":{"rendered":"https:\/\/www.ernstbrunn-apotheke.at\/katalog\/produkt\/burgit-huehneraugen-gel-ringe-druckschutz-12-stk\/"},"modified":"2025-12-08T23:14:49","modified_gmt":"2025-12-08T22:14:49","slug":"burgit-huehneraugen-gel-ringe-druckschutz-12-stk","status":"publish","type":"product","link":"https:\/\/www.ernstbrunn-apotheke.at\/katalog\/produkt\/burgit-huehneraugen-gel-ringe-druckschutz-12-stk\/","title":{"rendered":"Burgit H\u00fchneraugen Gel-Ringe Druckschutz 12 Stk."},"content":{"rendered":"<p>Burgit H\u00fchneraugen Gel-Ringe passen sich durch ihr weiches Gel-Material ideal an den Fu\u00df an und sch\u00fctzen so optimal vor schmerzhaftem Druck. Durch das Schutzfenster in der Mitte des Rings, kann ein H\u00fchnerauge gezielt vor Schmutz gesch\u00fctzt werden und wirkt noch unauff\u00e4lliger. Die Burgit Gel-Ringe eignen sich auch perfekt f\u00fcr das Vorbeugen von Druckstellen und H\u00fchneraugen.<\/p>\n","protected":false},"excerpt":{"rendered":"<p>Burgit H\u00fchneraugen Gel-Ringe passen sich durch ihr weiches Gel-Material ideal an den Fu\u00df an und sch\u00fctzen so optimal vor schmerzhaftem Druck. Durch das Schutzfenster in der Mitte des Rings, kann ein H\u00fchnerauge gezielt vor Schmutz gesch\u00fctzt werden und wirkt noch unauff\u00e4lliger. Die Burgit Gel-Ringe eignen sich auch perfekt f\u00fcr das Vorbeugen von Druckstellen und H\u00fchneraugen.<\/p>\n","protected":false},"featured_media":0,"template":"","meta":{"_acf_changed":false},"product_brand":[],"product_cat":[802],"product_tag":[],"class_list":{"0":"post-119593","1":"product","2":"type-product","3":"status-publish","5":"product_cat-b","6":"pa_packungsgroesse-12-stueck","8":"first","9":"instock","10":"shipping-taxable","11":"purchasable","12":"product-type-simple"},"acf":[],"_links":{"self":[{"href":"https:\/\/www.ernstbrunn-apotheke.at\/katalog\/wp-json\/wp\/v2\/product\/119593","targetHints":{"allow":["GET"]}}],"collection":[{"href":"https:\/\/www.ernstbrunn-apotheke.at\/katalog\/wp-json\/wp\/v2\/product"}],"about":[{"href":"https:\/\/www.ernstbrunn-apotheke.at\/katalog\/wp-json\/wp\/v2\/types\/product"}],"wp:attachment":[{"href":"https:\/\/www.ernstbrunn-apotheke.at\/katalog\/wp-json\/wp\/v2\/media?parent=119593"}],"wp:term":[{"taxonomy":"product_brand","embeddable":true,"href":"https:\/\/www.ernstbrunn-apotheke.at\/katalog\/wp-json\/wp\/v2\/product_brand?post=119593"},{"taxonomy":"product_cat","embeddable":true,"href":"https:\/\/www.ernstbrunn-apotheke.at\/katalog\/wp-json\/wp\/v2\/product_cat?post=119593"},{"taxonomy":"product_tag","embeddable":true,"href":"https:\/\/www.ernstbrunn-apotheke.at\/katalog\/wp-json\/wp\/v2\/product_tag?post=119593"}],"curies":[{"name":"wp","href":"https:\/\/api.w.org\/{rel}","templated":true}]}}