{"id":119569,"date":"2025-11-13T09:02:38","date_gmt":"2025-11-13T08:02:38","guid":{"rendered":"https:\/\/www.ernstbrunn-apotheke.at\/katalog\/produkt\/burgerstein-cardiovital-kapseln-30-stk\/"},"modified":"2025-12-08T23:14:45","modified_gmt":"2025-12-08T22:14:45","slug":"burgerstein-cardiovital-kapseln-30-stk","status":"publish","type":"product","link":"https:\/\/www.ernstbrunn-apotheke.at\/katalog\/produkt\/burgerstein-cardiovital-kapseln-30-stk\/","title":{"rendered":"Burgerstein CardioVital Kapseln 30 Stk."},"content":{"rendered":"<p><strong>Ihr Herz liegt uns am Herzen.<\/strong><\/p>\n<p>&#13;<\/p>\n<div>\u00a0<\/div>\n<p>&#13;<\/p>\n<div>Burgerstein CardioVital ist eine umfassende Nahrungserg\u00e4nzung, die speziell auf die Gesundheit des Herzens abgestimmt ist. Sie enth\u00e4lt eine einzigartige Kombination aus wertvollen Inhaltsstoffen wie Vitamin B1, Omega-3-Fetts\u00e4uren EPA und DHA, Olivenextrakt, Coenzym Q10, Selen und Vitamin K2. Diese Inhaltsstoffe tragen alle dazu bei, die normale Herzfunktion zu unterst\u00fctzen.\u00a0<\/div>\n<p>&#13;<\/p>\n<div>\u00a0<\/div>\n<p>&#13;<\/p>\n<div>Bei der Herstellung von Burgerstein CardioVital werden ausschlie\u00dflich hochwertige Spezialextrakte verwendet. So setzen wir beispielsweise auf den Knoblauchextrakt ABG-25+\u00ae und den Olivenextrakt Hytolive\u00ae. Diese Extrakte sind besonders reich an wertvollen N\u00e4hrstoffen und tragen somit ma\u00dfgeblich zur Wirksamkeit von CardioVital bei.\u00a0<\/div>\n<p>&#13;<\/p>\n<div>\u00a0<\/div>\n<p>&#13;<\/p>\n<div>Besonders hervorzuheben ist der schwarze Knoblauchextrakt, der in Burgerstein CardioVital zum Einsatz kommt. Im Gegensatz zu herk\u00f6mmlichem Knoblauch ist dieser geruchs- und geschmacksneutral. Das bedeutet, dass keinerlei unangenehme Nebenwirkungen wie Ausd\u00fcnstungen oder Magen-Darm-Probleme zu erwarten sind. Mit Burgerstein CardioVital tun Sie also nicht nur etwas f\u00fcr Ihre Herzgesundheit, sondern k\u00f6nnen auch unbesorgt und ohne unangenehme Begleiterscheinungen davon profitieren.<\/div>\n","protected":false},"excerpt":{"rendered":"<p>Ihr Herz liegt uns am Herzen. &#13; \u00a0 &#13; Burgerstein CardioVital ist eine umfassende Nahrungserg\u00e4nzung, die speziell auf die Gesundheit des Herzens abgestimmt ist. Sie enth\u00e4lt eine einzigartige Kombination aus wertvollen Inhaltsstoffen wie Vitamin B1, Omega-3-Fetts\u00e4uren EPA und DHA, Olivenextrakt, Coenzym Q10, Selen und Vitamin K2. Diese Inhaltsstoffe tragen alle dazu bei, die normale Herzfunktion [&hellip;]<\/p>\n","protected":false},"featured_media":119571,"template":"","meta":{"_acf_changed":false},"product_brand":[446],"product_cat":[802],"product_tag":[],"class_list":{"0":"post-119569","1":"product","2":"type-product","3":"status-publish","4":"has-post-thumbnail","6":"product_brand-burgerstein","7":"product_cat-b","8":"pa_packungsgroesse-30-stueck","10":"first","11":"instock","12":"shipping-taxable","13":"purchasable","14":"product-type-simple"},"acf":[],"_links":{"self":[{"href":"https:\/\/www.ernstbrunn-apotheke.at\/katalog\/wp-json\/wp\/v2\/product\/119569","targetHints":{"allow":["GET"]}}],"collection":[{"href":"https:\/\/www.ernstbrunn-apotheke.at\/katalog\/wp-json\/wp\/v2\/product"}],"about":[{"href":"https:\/\/www.ernstbrunn-apotheke.at\/katalog\/wp-json\/wp\/v2\/types\/product"}],"wp:featuredmedia":[{"embeddable":true,"href":"https:\/\/www.ernstbrunn-apotheke.at\/katalog\/wp-json\/wp\/v2\/media\/119571"}],"wp:attachment":[{"href":"https:\/\/www.ernstbrunn-apotheke.at\/katalog\/wp-json\/wp\/v2\/media?parent=119569"}],"wp:term":[{"taxonomy":"product_brand","embeddable":true,"href":"https:\/\/www.ernstbrunn-apotheke.at\/katalog\/wp-json\/wp\/v2\/product_brand?post=119569"},{"taxonomy":"product_cat","embeddable":true,"href":"https:\/\/www.ernstbrunn-apotheke.at\/katalog\/wp-json\/wp\/v2\/product_cat?post=119569"},{"taxonomy":"product_tag","embeddable":true,"href":"https:\/\/www.ernstbrunn-apotheke.at\/katalog\/wp-json\/wp\/v2\/product_tag?post=119569"}],"curies":[{"name":"wp","href":"https:\/\/api.w.org\/{rel}","templated":true}]}}