{"id":119559,"date":"2025-11-13T09:02:38","date_gmt":"2025-11-13T08:02:38","guid":{"rendered":"https:\/\/www.ernstbrunn-apotheke.at\/katalog\/produkt\/burgerstein-biotics-g-beutel-7-stk\/"},"modified":"2025-12-08T23:14:44","modified_gmt":"2025-12-08T22:14:44","slug":"burgerstein-biotics-g-beutel-7-stk","status":"publish","type":"product","link":"https:\/\/www.ernstbrunn-apotheke.at\/katalog\/produkt\/burgerstein-biotics-g-beutel-7-stk\/","title":{"rendered":"Burgerstein Biotics-G Beutel 7 Stk."},"content":{"rendered":"<p><strong>F\u00dcR DIE DARMFLORA \u2013 MIT 14 BAKTERIENST\u00c4MMEN.<\/strong><\/p>\n<p>&#13;<\/p>\n<div><strong>\u00a0<\/strong><\/div>\n<p>&#13;<\/p>\n<div>Burgerstein BIOTICS-G ist eine einzigartige Mischung aus 14 unterschiedlichen, lebendigen Milchs\u00e4ure-produzierenden Bakterienkulturen und einem Hefestamm. Jede Tagesdosis (1 Beutel) enth\u00e4lt 2,5 Milliarden koloniebildende Einheiten. Die innovative Schutztechnologie Probioact\u00ae sorgt daf\u00fcr, dass die n\u00fctzlichen Bakterien l\u00e4nger haltbar sind und im Darm besonders aktiv bleiben. Burgerstein BIOTICS-G kann problemlos bei Raumtemperatur aufbewahrt werden. Zus\u00e4tzlich sind Biotin, B6 und B12 enthalten. Das Produkt ist f\u00fcr Vegetarier geeignet (vegi\/vegetarisch).\u00a0<\/div>\n<p>&#13;<\/p>\n<div>\u00a0<\/div>\n<p>&#13;<\/p>\n<div><strong>Wann sollte ich ein Multispezies-Probiotikum in Betracht ziehen?<\/strong><\/div>\n<p>&#13;<\/p>\n<div>&#13;<\/p>\n<ul>&#13;<\/p>\n<li>In Phasen hoher Belastung: Vorbeugung und Behandlung von Magen-Darm-Beschwerden, die auf erh\u00f6hte Belastung (Stress, Sport) zur\u00fcckzuf\u00fchren sind\u00a0<\/li>\n<p>&#13;<\/p>\n<li>Darmregeneration: Wiederaufbau einer vielf\u00e4ltigen und widerstandsf\u00e4higen Mikroflora, z. B. nach der Einnahme von Antibiotika\u00a0<\/li>\n<p>&#13;<\/p>\n<li>Erhaltung, Aufbau und Pflege einer gesunden Darmschleimhaut\u00a0<\/li>\n<p>&#13;<\/p>\n<li>Geeignet f\u00fcr Erwachsene, Jugendliche und Kinder ab einem Jahr<\/li>\n<p>&#13;\n<\/ul>\n<p>&#13;\n<\/p><\/div>\n","protected":false},"excerpt":{"rendered":"<p>F\u00dcR DIE DARMFLORA \u2013 MIT 14 BAKTERIENST\u00c4MMEN. &#13; \u00a0 &#13; Burgerstein BIOTICS-G ist eine einzigartige Mischung aus 14 unterschiedlichen, lebendigen Milchs\u00e4ure-produzierenden Bakterienkulturen und einem Hefestamm. Jede Tagesdosis (1 Beutel) enth\u00e4lt 2,5 Milliarden koloniebildende Einheiten. Die innovative Schutztechnologie Probioact\u00ae sorgt daf\u00fcr, dass die n\u00fctzlichen Bakterien l\u00e4nger haltbar sind und im Darm besonders aktiv bleiben. Burgerstein BIOTICS-G [&hellip;]<\/p>\n","protected":false},"featured_media":119561,"template":"","meta":{"_acf_changed":false},"product_brand":[446],"product_cat":[802],"product_tag":[],"class_list":{"0":"post-119559","1":"product","2":"type-product","3":"status-publish","4":"has-post-thumbnail","6":"product_brand-burgerstein","7":"product_cat-b","8":"pa_packungsgroesse-7-beutel","10":"first","11":"instock","12":"shipping-taxable","13":"purchasable","14":"product-type-simple"},"acf":[],"_links":{"self":[{"href":"https:\/\/www.ernstbrunn-apotheke.at\/katalog\/wp-json\/wp\/v2\/product\/119559","targetHints":{"allow":["GET"]}}],"collection":[{"href":"https:\/\/www.ernstbrunn-apotheke.at\/katalog\/wp-json\/wp\/v2\/product"}],"about":[{"href":"https:\/\/www.ernstbrunn-apotheke.at\/katalog\/wp-json\/wp\/v2\/types\/product"}],"wp:featuredmedia":[{"embeddable":true,"href":"https:\/\/www.ernstbrunn-apotheke.at\/katalog\/wp-json\/wp\/v2\/media\/119561"}],"wp:attachment":[{"href":"https:\/\/www.ernstbrunn-apotheke.at\/katalog\/wp-json\/wp\/v2\/media?parent=119559"}],"wp:term":[{"taxonomy":"product_brand","embeddable":true,"href":"https:\/\/www.ernstbrunn-apotheke.at\/katalog\/wp-json\/wp\/v2\/product_brand?post=119559"},{"taxonomy":"product_cat","embeddable":true,"href":"https:\/\/www.ernstbrunn-apotheke.at\/katalog\/wp-json\/wp\/v2\/product_cat?post=119559"},{"taxonomy":"product_tag","embeddable":true,"href":"https:\/\/www.ernstbrunn-apotheke.at\/katalog\/wp-json\/wp\/v2\/product_tag?post=119559"}],"curies":[{"name":"wp","href":"https:\/\/api.w.org\/{rel}","templated":true}]}}