{"id":119423,"date":"2025-11-13T08:59:59","date_gmt":"2025-11-13T07:59:59","guid":{"rendered":"https:\/\/www.ernstbrunn-apotheke.at\/katalog\/produkt\/bogaclean-flohnebel-200-ml\/"},"modified":"2025-12-08T23:13:39","modified_gmt":"2025-12-08T22:13:39","slug":"bogaclean-flohnebel-200-ml","status":"publish","type":"product","link":"https:\/\/www.ernstbrunn-apotheke.at\/katalog\/produkt\/bogaclean-flohnebel-200-ml\/","title":{"rendered":"Bogaclean Flohnebel 200 ml"},"content":{"rendered":"<p>Der Name Bogar steht f\u00fcr Innovation, Pflanzlichkeit, Wirkung, Qualit\u00e4t und Service. &#8222;Das Beste aus der Natur f\u00fcr das Wohl unserer Tiere&#8220;.<\/p>\n","protected":false},"excerpt":{"rendered":"<p>Der Name Bogar steht f\u00fcr Innovation, Pflanzlichkeit, Wirkung, Qualit\u00e4t und Service. &#8222;Das Beste aus der Natur f\u00fcr das Wohl unserer Tiere&#8220;.<\/p>\n","protected":false},"featured_media":0,"template":"","meta":{"_acf_changed":false},"product_brand":[],"product_cat":[802],"product_tag":[],"class_list":{"0":"post-119423","1":"product","2":"type-product","3":"status-publish","5":"product_cat-b","6":"pa_packungsgroesse-200ml","8":"first","9":"instock","10":"shipping-taxable","11":"purchasable","12":"product-type-simple"},"acf":[],"_links":{"self":[{"href":"https:\/\/www.ernstbrunn-apotheke.at\/katalog\/wp-json\/wp\/v2\/product\/119423","targetHints":{"allow":["GET"]}}],"collection":[{"href":"https:\/\/www.ernstbrunn-apotheke.at\/katalog\/wp-json\/wp\/v2\/product"}],"about":[{"href":"https:\/\/www.ernstbrunn-apotheke.at\/katalog\/wp-json\/wp\/v2\/types\/product"}],"wp:attachment":[{"href":"https:\/\/www.ernstbrunn-apotheke.at\/katalog\/wp-json\/wp\/v2\/media?parent=119423"}],"wp:term":[{"taxonomy":"product_brand","embeddable":true,"href":"https:\/\/www.ernstbrunn-apotheke.at\/katalog\/wp-json\/wp\/v2\/product_brand?post=119423"},{"taxonomy":"product_cat","embeddable":true,"href":"https:\/\/www.ernstbrunn-apotheke.at\/katalog\/wp-json\/wp\/v2\/product_cat?post=119423"},{"taxonomy":"product_tag","embeddable":true,"href":"https:\/\/www.ernstbrunn-apotheke.at\/katalog\/wp-json\/wp\/v2\/product_tag?post=119423"}],"curies":[{"name":"wp","href":"https:\/\/api.w.org\/{rel}","templated":true}]}}