{"id":11937,"date":"2025-11-07T14:41:21","date_gmt":"2025-11-07T13:41:21","guid":{"rendered":"https:\/\/www.ernstbrunn-apotheke.at\/katalog\/produkt\/nicotinell-transdermales-pflaster-tts-30\/"},"modified":"2025-12-08T13:32:09","modified_gmt":"2025-12-08T12:32:09","slug":"nicotinell-transdermales-pflaster-tts-30","status":"publish","type":"product","link":"https:\/\/www.ernstbrunn-apotheke.at\/katalog\/produkt\/nicotinell-transdermales-pflaster-tts-30\/","title":{"rendered":"Nicotinell Transdermales Pflaster Tts 30"},"content":{"rendered":"<p>NICOTINELL\u00ae Transdermales Pflaster setzt bei Anwendung auf der Haut gleichm\u00e4\u00dfig Nikotin \u00fcber einen l\u00e4ngeren Zeitraum frei. W\u00e4hrend dieser Zeit sorgt Nicotinell f\u00fcr eine Schw\u00e4chung der Abgew\u00f6hnungssymptome.<\/p>\n","protected":false},"excerpt":{"rendered":"<p>NICOTINELL\u00ae Transdermales Pflaster setzt bei Anwendung auf der Haut gleichm\u00e4\u00dfig Nikotin \u00fcber einen l\u00e4ngeren Zeitraum frei. W\u00e4hrend dieser Zeit sorgt Nicotinell f\u00fcr eine Schw\u00e4chung der Abgew\u00f6hnungssymptome.<\/p>\n","protected":false},"featured_media":11939,"template":"","meta":{"_acf_changed":false},"product_brand":[],"product_cat":[797],"product_tag":[],"class_list":{"0":"post-11937","1":"product","2":"type-product","3":"status-publish","4":"has-post-thumbnail","6":"product_cat-n","7":"pa_packungsgroesse-28-stueck","8":"pa_packungsgroesse-7-stueck","10":"first","11":"instock","12":"shipping-taxable","13":"purchasable","14":"product-type-simple"},"acf":[],"_links":{"self":[{"href":"https:\/\/www.ernstbrunn-apotheke.at\/katalog\/wp-json\/wp\/v2\/product\/11937","targetHints":{"allow":["GET"]}}],"collection":[{"href":"https:\/\/www.ernstbrunn-apotheke.at\/katalog\/wp-json\/wp\/v2\/product"}],"about":[{"href":"https:\/\/www.ernstbrunn-apotheke.at\/katalog\/wp-json\/wp\/v2\/types\/product"}],"wp:featuredmedia":[{"embeddable":true,"href":"https:\/\/www.ernstbrunn-apotheke.at\/katalog\/wp-json\/wp\/v2\/media\/11939"}],"wp:attachment":[{"href":"https:\/\/www.ernstbrunn-apotheke.at\/katalog\/wp-json\/wp\/v2\/media?parent=11937"}],"wp:term":[{"taxonomy":"product_brand","embeddable":true,"href":"https:\/\/www.ernstbrunn-apotheke.at\/katalog\/wp-json\/wp\/v2\/product_brand?post=11937"},{"taxonomy":"product_cat","embeddable":true,"href":"https:\/\/www.ernstbrunn-apotheke.at\/katalog\/wp-json\/wp\/v2\/product_cat?post=11937"},{"taxonomy":"product_tag","embeddable":true,"href":"https:\/\/www.ernstbrunn-apotheke.at\/katalog\/wp-json\/wp\/v2\/product_tag?post=11937"}],"curies":[{"name":"wp","href":"https:\/\/api.w.org\/{rel}","templated":true}]}}