{"id":119178,"date":"2025-11-13T08:54:14","date_gmt":"2025-11-13T07:54:14","guid":{"rendered":"https:\/\/www.ernstbrunn-apotheke.at\/katalog\/produkt\/biofit-hildegard-delikatess-suppe-bio-400-g\/"},"modified":"2025-12-08T23:11:47","modified_gmt":"2025-12-08T22:11:47","slug":"biofit-hildegard-delikatess-suppe-bio-400-g","status":"publish","type":"product","link":"https:\/\/www.ernstbrunn-apotheke.at\/katalog\/produkt\/biofit-hildegard-delikatess-suppe-bio-400-g\/","title":{"rendered":"Biofit Hildegard Delikatess Suppe Bio 400 g"},"content":{"rendered":"<p>Biofit Hildegard Delikatess Suppe Bio 400 g ist ein wahrer K\u00fcchenklassiker. Er bildet eine gesunde Basis f\u00fcr hausgemachte Suppen oder eine kleine Zwischenmahlzeit. Auch geeignet zum W\u00fcrzen oder Verfeinern. F\u00fcr Veganer geeignet.<\/p>\n","protected":false},"excerpt":{"rendered":"<p>Biofit Hildegard Delikatess Suppe Bio 400 g ist ein wahrer K\u00fcchenklassiker. Er bildet eine gesunde Basis f\u00fcr hausgemachte Suppen oder eine kleine Zwischenmahlzeit. Auch geeignet zum W\u00fcrzen oder Verfeinern. F\u00fcr Veganer geeignet.<\/p>\n","protected":false},"featured_media":119180,"template":"","meta":{"_acf_changed":false},"product_brand":[1455],"product_cat":[802],"product_tag":[],"class_list":{"0":"post-119178","1":"product","2":"type-product","3":"status-publish","4":"has-post-thumbnail","6":"product_brand-biofit","7":"product_cat-b","8":"pa_packungsgroesse-360g","10":"first","11":"instock","12":"shipping-taxable","13":"purchasable","14":"product-type-simple"},"acf":[],"_links":{"self":[{"href":"https:\/\/www.ernstbrunn-apotheke.at\/katalog\/wp-json\/wp\/v2\/product\/119178","targetHints":{"allow":["GET"]}}],"collection":[{"href":"https:\/\/www.ernstbrunn-apotheke.at\/katalog\/wp-json\/wp\/v2\/product"}],"about":[{"href":"https:\/\/www.ernstbrunn-apotheke.at\/katalog\/wp-json\/wp\/v2\/types\/product"}],"wp:featuredmedia":[{"embeddable":true,"href":"https:\/\/www.ernstbrunn-apotheke.at\/katalog\/wp-json\/wp\/v2\/media\/119180"}],"wp:attachment":[{"href":"https:\/\/www.ernstbrunn-apotheke.at\/katalog\/wp-json\/wp\/v2\/media?parent=119178"}],"wp:term":[{"taxonomy":"product_brand","embeddable":true,"href":"https:\/\/www.ernstbrunn-apotheke.at\/katalog\/wp-json\/wp\/v2\/product_brand?post=119178"},{"taxonomy":"product_cat","embeddable":true,"href":"https:\/\/www.ernstbrunn-apotheke.at\/katalog\/wp-json\/wp\/v2\/product_cat?post=119178"},{"taxonomy":"product_tag","embeddable":true,"href":"https:\/\/www.ernstbrunn-apotheke.at\/katalog\/wp-json\/wp\/v2\/product_tag?post=119178"}],"curies":[{"name":"wp","href":"https:\/\/api.w.org\/{rel}","templated":true}]}}