{"id":119174,"date":"2025-11-13T08:54:14","date_gmt":"2025-11-13T07:54:14","guid":{"rendered":"https:\/\/www.ernstbrunn-apotheke.at\/katalog\/produkt\/biofit-hildegard-quitten-konfituere-350-g\/"},"modified":"2025-12-08T23:11:43","modified_gmt":"2025-12-08T22:11:43","slug":"biofit-hildegard-quitten-konfituere-350-g","status":"publish","type":"product","link":"https:\/\/www.ernstbrunn-apotheke.at\/katalog\/produkt\/biofit-hildegard-quitten-konfituere-350-g\/","title":{"rendered":"Biofit Hildegard Quitten Konfit\u00fcre 350 g"},"content":{"rendered":"<p>Biofit Hildegard Quitten Konfit\u00fcre stellte in der Hildegard-Ern\u00e4hrungslehre ein wichtiges Lebensmittel dar. Der Geschmack gekochter Quitten \u00e4hnelt dem von gekochten \u00c4pfeln oder Birnen.<\/p>\n","protected":false},"excerpt":{"rendered":"<p>Biofit Hildegard Quitten Konfit\u00fcre stellte in der Hildegard-Ern\u00e4hrungslehre ein wichtiges Lebensmittel dar. Der Geschmack gekochter Quitten \u00e4hnelt dem von gekochten \u00c4pfeln oder Birnen.<\/p>\n","protected":false},"featured_media":0,"template":"","meta":{"_acf_changed":false},"product_brand":[1455],"product_cat":[802],"product_tag":[],"class_list":{"0":"post-119174","1":"product","2":"type-product","3":"status-publish","5":"product_brand-biofit","6":"product_cat-b","7":"pa_packungsgroesse-300g","9":"first","10":"instock","11":"shipping-taxable","12":"purchasable","13":"product-type-simple"},"acf":[],"_links":{"self":[{"href":"https:\/\/www.ernstbrunn-apotheke.at\/katalog\/wp-json\/wp\/v2\/product\/119174","targetHints":{"allow":["GET"]}}],"collection":[{"href":"https:\/\/www.ernstbrunn-apotheke.at\/katalog\/wp-json\/wp\/v2\/product"}],"about":[{"href":"https:\/\/www.ernstbrunn-apotheke.at\/katalog\/wp-json\/wp\/v2\/types\/product"}],"wp:attachment":[{"href":"https:\/\/www.ernstbrunn-apotheke.at\/katalog\/wp-json\/wp\/v2\/media?parent=119174"}],"wp:term":[{"taxonomy":"product_brand","embeddable":true,"href":"https:\/\/www.ernstbrunn-apotheke.at\/katalog\/wp-json\/wp\/v2\/product_brand?post=119174"},{"taxonomy":"product_cat","embeddable":true,"href":"https:\/\/www.ernstbrunn-apotheke.at\/katalog\/wp-json\/wp\/v2\/product_cat?post=119174"},{"taxonomy":"product_tag","embeddable":true,"href":"https:\/\/www.ernstbrunn-apotheke.at\/katalog\/wp-json\/wp\/v2\/product_tag?post=119174"}],"curies":[{"name":"wp","href":"https:\/\/api.w.org\/{rel}","templated":true}]}}