{"id":119118,"date":"2025-11-13T08:51:56","date_gmt":"2025-11-13T07:51:56","guid":{"rendered":"https:\/\/www.ernstbrunn-apotheke.at\/katalog\/produkt\/biofit-hildegard-pilofen-fenchel-tabs-nachfuellung-70-g\/"},"modified":"2025-12-08T23:11:33","modified_gmt":"2025-12-08T22:11:33","slug":"biofit-hildegard-pilofen-fenchel-tabs-nachfuellung-70-g","status":"publish","type":"product","link":"https:\/\/www.ernstbrunn-apotheke.at\/katalog\/produkt\/biofit-hildegard-pilofen-fenchel-tabs-nachfuellung-70-g\/","title":{"rendered":"Biofit Hildegard Pilofen Fenchel-Tabs Nachf\u00fcllung 70 g"},"content":{"rendered":"<p>Biofit Hildegard Pilofen Fenchel-Tabs nutzen die positiven Effekte des Fenchels. Diese sind seit vielen Jahren bekannt und nicht zuletzt sorgt der Fenchel auch f\u00fcr frischen Atem. N\u00fctzen Sie die aromatischen Fenchel-Tabs als nat\u00fcrliches Nahrungserg\u00e4nzungsmittel.<\/p>\n","protected":false},"excerpt":{"rendered":"<p>Biofit Hildegard Pilofen Fenchel-Tabs nutzen die positiven Effekte des Fenchels. Diese sind seit vielen Jahren bekannt und nicht zuletzt sorgt der Fenchel auch f\u00fcr frischen Atem. N\u00fctzen Sie die aromatischen Fenchel-Tabs als nat\u00fcrliches Nahrungserg\u00e4nzungsmittel.<\/p>\n","protected":false},"featured_media":119120,"template":"","meta":{"_acf_changed":false},"product_brand":[1455],"product_cat":[802],"product_tag":[],"class_list":{"0":"post-119118","1":"product","2":"type-product","3":"status-publish","4":"has-post-thumbnail","6":"product_brand-biofit","7":"product_cat-b","8":"pa_packungsgroesse-70g","10":"first","11":"instock","12":"shipping-taxable","13":"purchasable","14":"product-type-simple"},"acf":[],"_links":{"self":[{"href":"https:\/\/www.ernstbrunn-apotheke.at\/katalog\/wp-json\/wp\/v2\/product\/119118","targetHints":{"allow":["GET"]}}],"collection":[{"href":"https:\/\/www.ernstbrunn-apotheke.at\/katalog\/wp-json\/wp\/v2\/product"}],"about":[{"href":"https:\/\/www.ernstbrunn-apotheke.at\/katalog\/wp-json\/wp\/v2\/types\/product"}],"wp:featuredmedia":[{"embeddable":true,"href":"https:\/\/www.ernstbrunn-apotheke.at\/katalog\/wp-json\/wp\/v2\/media\/119120"}],"wp:attachment":[{"href":"https:\/\/www.ernstbrunn-apotheke.at\/katalog\/wp-json\/wp\/v2\/media?parent=119118"}],"wp:term":[{"taxonomy":"product_brand","embeddable":true,"href":"https:\/\/www.ernstbrunn-apotheke.at\/katalog\/wp-json\/wp\/v2\/product_brand?post=119118"},{"taxonomy":"product_cat","embeddable":true,"href":"https:\/\/www.ernstbrunn-apotheke.at\/katalog\/wp-json\/wp\/v2\/product_cat?post=119118"},{"taxonomy":"product_tag","embeddable":true,"href":"https:\/\/www.ernstbrunn-apotheke.at\/katalog\/wp-json\/wp\/v2\/product_tag?post=119118"}],"curies":[{"name":"wp","href":"https:\/\/api.w.org\/{rel}","templated":true}]}}