{"id":119075,"date":"2025-11-13T08:51:31","date_gmt":"2025-11-13T07:51:31","guid":{"rendered":"https:\/\/www.ernstbrunn-apotheke.at\/katalog\/produkt\/biofit-hildegard-meluvin-trank-forte-500-ml\/"},"modified":"2025-12-08T23:11:22","modified_gmt":"2025-12-08T22:11:22","slug":"biofit-hildegard-meluvin-trank-forte-500-ml","status":"publish","type":"product","link":"https:\/\/www.ernstbrunn-apotheke.at\/katalog\/produkt\/biofit-hildegard-meluvin-trank-forte-500-ml\/","title":{"rendered":"Biofit Hildegard Meluvin Trank Forte 500 ml"},"content":{"rendered":"<p>Biofit Hildegard Meluvin Trank Forte ist ein aromatisiertes weinhaltiges Getr\u00e4nk. Das Elixier entfaltet seine beste Wirkung, wenn Sie t\u00e4glich \u00fcber einen l\u00e4ngeren Zeitraum ein oder mehrere Lik\u00f6rgl\u00e4ser zu sich nehmen.<\/p>\n","protected":false},"excerpt":{"rendered":"<p>Biofit Hildegard Meluvin Trank Forte ist ein aromatisiertes weinhaltiges Getr\u00e4nk. Das Elixier entfaltet seine beste Wirkung, wenn Sie t\u00e4glich \u00fcber einen l\u00e4ngeren Zeitraum ein oder mehrere Lik\u00f6rgl\u00e4ser zu sich nehmen.<\/p>\n","protected":false},"featured_media":119077,"template":"","meta":{"_acf_changed":false},"product_brand":[1455],"product_cat":[802],"product_tag":[],"class_list":{"0":"post-119075","1":"product","2":"type-product","3":"status-publish","4":"has-post-thumbnail","6":"product_brand-biofit","7":"product_cat-b","8":"pa_packungsgroesse-500ml","10":"first","11":"instock","12":"shipping-taxable","13":"purchasable","14":"product-type-simple"},"acf":[],"_links":{"self":[{"href":"https:\/\/www.ernstbrunn-apotheke.at\/katalog\/wp-json\/wp\/v2\/product\/119075","targetHints":{"allow":["GET"]}}],"collection":[{"href":"https:\/\/www.ernstbrunn-apotheke.at\/katalog\/wp-json\/wp\/v2\/product"}],"about":[{"href":"https:\/\/www.ernstbrunn-apotheke.at\/katalog\/wp-json\/wp\/v2\/types\/product"}],"wp:featuredmedia":[{"embeddable":true,"href":"https:\/\/www.ernstbrunn-apotheke.at\/katalog\/wp-json\/wp\/v2\/media\/119077"}],"wp:attachment":[{"href":"https:\/\/www.ernstbrunn-apotheke.at\/katalog\/wp-json\/wp\/v2\/media?parent=119075"}],"wp:term":[{"taxonomy":"product_brand","embeddable":true,"href":"https:\/\/www.ernstbrunn-apotheke.at\/katalog\/wp-json\/wp\/v2\/product_brand?post=119075"},{"taxonomy":"product_cat","embeddable":true,"href":"https:\/\/www.ernstbrunn-apotheke.at\/katalog\/wp-json\/wp\/v2\/product_cat?post=119075"},{"taxonomy":"product_tag","embeddable":true,"href":"https:\/\/www.ernstbrunn-apotheke.at\/katalog\/wp-json\/wp\/v2\/product_tag?post=119075"}],"curies":[{"name":"wp","href":"https:\/\/api.w.org\/{rel}","templated":true}]}}