{"id":119057,"date":"2025-11-13T08:50:50","date_gmt":"2025-11-13T07:50:50","guid":{"rendered":"https:\/\/www.ernstbrunn-apotheke.at\/katalog\/produkt\/biofit-hildegard-lavendel-trank-500-ml\/"},"modified":"2025-12-08T23:11:16","modified_gmt":"2025-12-08T22:11:16","slug":"biofit-hildegard-lavendel-trank-500-ml","status":"publish","type":"product","link":"https:\/\/www.ernstbrunn-apotheke.at\/katalog\/produkt\/biofit-hildegard-lavendel-trank-500-ml\/","title":{"rendered":"Biofit Hildegard Lavendel Trank  500 ml"},"content":{"rendered":"<p>Biofit Hildegard Lavendel Trank wird aus dem wilden Lavendel gewonnen. Aufgrund der wunderbar duftenden \u00e4therischen \u00d6le ist das Lavendel\u00f6l in der Naturkosmetik ein wichtiger Bestandteil.<\/p>\n","protected":false},"excerpt":{"rendered":"<p>Biofit Hildegard Lavendel Trank wird aus dem wilden Lavendel gewonnen. Aufgrund der wunderbar duftenden \u00e4therischen \u00d6le ist das Lavendel\u00f6l in der Naturkosmetik ein wichtiger Bestandteil.<\/p>\n","protected":false},"featured_media":0,"template":"","meta":{"_acf_changed":false},"product_brand":[1455],"product_cat":[802],"product_tag":[],"class_list":{"0":"post-119057","1":"product","2":"type-product","3":"status-publish","5":"product_brand-biofit","6":"product_cat-b","7":"pa_packungsgroesse-500ml","9":"first","10":"instock","11":"shipping-taxable","12":"purchasable","13":"product-type-simple"},"acf":[],"_links":{"self":[{"href":"https:\/\/www.ernstbrunn-apotheke.at\/katalog\/wp-json\/wp\/v2\/product\/119057","targetHints":{"allow":["GET"]}}],"collection":[{"href":"https:\/\/www.ernstbrunn-apotheke.at\/katalog\/wp-json\/wp\/v2\/product"}],"about":[{"href":"https:\/\/www.ernstbrunn-apotheke.at\/katalog\/wp-json\/wp\/v2\/types\/product"}],"wp:attachment":[{"href":"https:\/\/www.ernstbrunn-apotheke.at\/katalog\/wp-json\/wp\/v2\/media?parent=119057"}],"wp:term":[{"taxonomy":"product_brand","embeddable":true,"href":"https:\/\/www.ernstbrunn-apotheke.at\/katalog\/wp-json\/wp\/v2\/product_brand?post=119057"},{"taxonomy":"product_cat","embeddable":true,"href":"https:\/\/www.ernstbrunn-apotheke.at\/katalog\/wp-json\/wp\/v2\/product_cat?post=119057"},{"taxonomy":"product_tag","embeddable":true,"href":"https:\/\/www.ernstbrunn-apotheke.at\/katalog\/wp-json\/wp\/v2\/product_tag?post=119057"}],"curies":[{"name":"wp","href":"https:\/\/api.w.org\/{rel}","templated":true}]}}