{"id":119047,"date":"2025-11-13T08:50:50","date_gmt":"2025-11-13T07:50:50","guid":{"rendered":"https:\/\/www.ernstbrunn-apotheke.at\/katalog\/produkt\/biofit-hildegard-kubebenpfeffer-tabs-nachfuellung-70-g\/"},"modified":"2025-12-08T23:11:15","modified_gmt":"2025-12-08T22:11:15","slug":"biofit-hildegard-kubebenpfeffer-tabs-nachfuellung-70-g","status":"publish","type":"product","link":"https:\/\/www.ernstbrunn-apotheke.at\/katalog\/produkt\/biofit-hildegard-kubebenpfeffer-tabs-nachfuellung-70-g\/","title":{"rendered":"Biofit Hildegard Kubebenpfeffer Tabs Nachf\u00fcllung 70 g"},"content":{"rendered":"<p>Biofit Hildegard Kubebenpfeffer Tabs schmecken aromatisch-w\u00fcrzig und hinterlassen einen angenehm k\u00fchlenden Gaumeneffekt. Das Produkt gibt Ausgleich bei Hitzeattacken und spendet dar\u00fcber hinaus Energie, Fr\u00f6hlichkeit und Genialit\u00e4t.<\/p>\n","protected":false},"excerpt":{"rendered":"<p>Biofit Hildegard Kubebenpfeffer Tabs schmecken aromatisch-w\u00fcrzig und hinterlassen einen angenehm k\u00fchlenden Gaumeneffekt. Das Produkt gibt Ausgleich bei Hitzeattacken und spendet dar\u00fcber hinaus Energie, Fr\u00f6hlichkeit und Genialit\u00e4t.<\/p>\n","protected":false},"featured_media":119049,"template":"","meta":{"_acf_changed":false},"product_brand":[1455],"product_cat":[802],"product_tag":[],"class_list":{"0":"post-119047","1":"product","2":"type-product","3":"status-publish","4":"has-post-thumbnail","6":"product_brand-biofit","7":"product_cat-b","8":"pa_packungsgroesse-70g","10":"first","11":"instock","12":"shipping-taxable","13":"purchasable","14":"product-type-simple"},"acf":[],"_links":{"self":[{"href":"https:\/\/www.ernstbrunn-apotheke.at\/katalog\/wp-json\/wp\/v2\/product\/119047","targetHints":{"allow":["GET"]}}],"collection":[{"href":"https:\/\/www.ernstbrunn-apotheke.at\/katalog\/wp-json\/wp\/v2\/product"}],"about":[{"href":"https:\/\/www.ernstbrunn-apotheke.at\/katalog\/wp-json\/wp\/v2\/types\/product"}],"wp:featuredmedia":[{"embeddable":true,"href":"https:\/\/www.ernstbrunn-apotheke.at\/katalog\/wp-json\/wp\/v2\/media\/119049"}],"wp:attachment":[{"href":"https:\/\/www.ernstbrunn-apotheke.at\/katalog\/wp-json\/wp\/v2\/media?parent=119047"}],"wp:term":[{"taxonomy":"product_brand","embeddable":true,"href":"https:\/\/www.ernstbrunn-apotheke.at\/katalog\/wp-json\/wp\/v2\/product_brand?post=119047"},{"taxonomy":"product_cat","embeddable":true,"href":"https:\/\/www.ernstbrunn-apotheke.at\/katalog\/wp-json\/wp\/v2\/product_cat?post=119047"},{"taxonomy":"product_tag","embeddable":true,"href":"https:\/\/www.ernstbrunn-apotheke.at\/katalog\/wp-json\/wp\/v2\/product_tag?post=119047"}],"curies":[{"name":"wp","href":"https:\/\/api.w.org\/{rel}","templated":true}]}}