{"id":119031,"date":"2025-11-13T08:50:31","date_gmt":"2025-11-13T07:50:31","guid":{"rendered":"https:\/\/www.ernstbrunn-apotheke.at\/katalog\/produkt\/biofit-hildegard-flohsamen-schwarz-1000-g\/"},"modified":"2025-12-08T23:11:04","modified_gmt":"2025-12-08T22:11:04","slug":"biofit-hildegard-flohsamen-schwarz-1000-g","status":"publish","type":"product","link":"https:\/\/www.ernstbrunn-apotheke.at\/katalog\/produkt\/biofit-hildegard-flohsamen-schwarz-1000-g\/","title":{"rendered":"Biofit Hildegard Flohsamen schwarz 1000 g"},"content":{"rendered":"<p>Biofit Hildegard Flohsamen schwarz enth\u00e4lt Schleimstoffe die im Magen- und Darm- Trakt aufquellen, wodurch eine mild abf\u00fchrende Wirkung erreicht wird. Die schwarzen Flohsamen haben ein etwas h\u00f6heres Quellverm\u00f6gen als die gelben Flohsamen. Aus kontrolliert biologischem Anbau.<\/p>\n","protected":false},"excerpt":{"rendered":"<p>Biofit Hildegard Flohsamen schwarz enth\u00e4lt Schleimstoffe die im Magen- und Darm- Trakt aufquellen, wodurch eine mild abf\u00fchrende Wirkung erreicht wird. Die schwarzen Flohsamen haben ein etwas h\u00f6heres Quellverm\u00f6gen als die gelben Flohsamen. Aus kontrolliert biologischem Anbau.<\/p>\n","protected":false},"featured_media":0,"template":"","meta":{"_acf_changed":false},"product_brand":[1455],"product_cat":[802],"product_tag":[],"class_list":{"0":"post-119031","1":"product","2":"type-product","3":"status-publish","5":"product_brand-biofit","6":"product_cat-b","7":"pa_packungsgroesse-1kg","9":"first","10":"instock","11":"shipping-taxable","12":"purchasable","13":"product-type-simple"},"acf":[],"_links":{"self":[{"href":"https:\/\/www.ernstbrunn-apotheke.at\/katalog\/wp-json\/wp\/v2\/product\/119031","targetHints":{"allow":["GET"]}}],"collection":[{"href":"https:\/\/www.ernstbrunn-apotheke.at\/katalog\/wp-json\/wp\/v2\/product"}],"about":[{"href":"https:\/\/www.ernstbrunn-apotheke.at\/katalog\/wp-json\/wp\/v2\/types\/product"}],"wp:attachment":[{"href":"https:\/\/www.ernstbrunn-apotheke.at\/katalog\/wp-json\/wp\/v2\/media?parent=119031"}],"wp:term":[{"taxonomy":"product_brand","embeddable":true,"href":"https:\/\/www.ernstbrunn-apotheke.at\/katalog\/wp-json\/wp\/v2\/product_brand?post=119031"},{"taxonomy":"product_cat","embeddable":true,"href":"https:\/\/www.ernstbrunn-apotheke.at\/katalog\/wp-json\/wp\/v2\/product_cat?post=119031"},{"taxonomy":"product_tag","embeddable":true,"href":"https:\/\/www.ernstbrunn-apotheke.at\/katalog\/wp-json\/wp\/v2\/product_tag?post=119031"}],"curies":[{"name":"wp","href":"https:\/\/api.w.org\/{rel}","templated":true}]}}