{"id":119017,"date":"2025-11-13T08:49:34","date_gmt":"2025-11-13T07:49:34","guid":{"rendered":"https:\/\/www.ernstbrunn-apotheke.at\/katalog\/produkt\/biofit-dinkel-maroni-keks-150-g\/"},"modified":"2025-12-08T23:11:00","modified_gmt":"2025-12-08T22:11:00","slug":"biofit-dinkel-maroni-keks-150-g","status":"publish","type":"product","link":"https:\/\/www.ernstbrunn-apotheke.at\/katalog\/produkt\/biofit-dinkel-maroni-keks-150-g\/","title":{"rendered":"Biofit Dinkel Maroni Keks 150 g"},"content":{"rendered":"<p>Biofit Dinkel Maroni Kekse sind wohlschmeckende Biscuits mit wertvollen Edelkastanien und Mandeln f\u00fcr Genie\u00dfer. Edelkastanien und Mandeln \u00fcberzeugen neben ihrem einzigartigen Geschmack auch mit ihren zahlreichen positiven Wirkungen auf K\u00f6rper und Geist.<\/p>\n","protected":false},"excerpt":{"rendered":"<p>Biofit Dinkel Maroni Kekse sind wohlschmeckende Biscuits mit wertvollen Edelkastanien und Mandeln f\u00fcr Genie\u00dfer. Edelkastanien und Mandeln \u00fcberzeugen neben ihrem einzigartigen Geschmack auch mit ihren zahlreichen positiven Wirkungen auf K\u00f6rper und Geist.<\/p>\n","protected":false},"featured_media":119019,"template":"","meta":{"_acf_changed":false},"product_brand":[1455],"product_cat":[802],"product_tag":[],"class_list":{"0":"post-119017","1":"product","2":"type-product","3":"status-publish","4":"has-post-thumbnail","6":"product_brand-biofit","7":"product_cat-b","8":"pa_packungsgroesse-150g","10":"first","11":"instock","12":"shipping-taxable","13":"purchasable","14":"product-type-simple"},"acf":[],"_links":{"self":[{"href":"https:\/\/www.ernstbrunn-apotheke.at\/katalog\/wp-json\/wp\/v2\/product\/119017","targetHints":{"allow":["GET"]}}],"collection":[{"href":"https:\/\/www.ernstbrunn-apotheke.at\/katalog\/wp-json\/wp\/v2\/product"}],"about":[{"href":"https:\/\/www.ernstbrunn-apotheke.at\/katalog\/wp-json\/wp\/v2\/types\/product"}],"wp:featuredmedia":[{"embeddable":true,"href":"https:\/\/www.ernstbrunn-apotheke.at\/katalog\/wp-json\/wp\/v2\/media\/119019"}],"wp:attachment":[{"href":"https:\/\/www.ernstbrunn-apotheke.at\/katalog\/wp-json\/wp\/v2\/media?parent=119017"}],"wp:term":[{"taxonomy":"product_brand","embeddable":true,"href":"https:\/\/www.ernstbrunn-apotheke.at\/katalog\/wp-json\/wp\/v2\/product_brand?post=119017"},{"taxonomy":"product_cat","embeddable":true,"href":"https:\/\/www.ernstbrunn-apotheke.at\/katalog\/wp-json\/wp\/v2\/product_cat?post=119017"},{"taxonomy":"product_tag","embeddable":true,"href":"https:\/\/www.ernstbrunn-apotheke.at\/katalog\/wp-json\/wp\/v2\/product_tag?post=119017"}],"curies":[{"name":"wp","href":"https:\/\/api.w.org\/{rel}","templated":true}]}}