{"id":119014,"date":"2025-11-13T08:49:34","date_gmt":"2025-11-13T07:49:34","guid":{"rendered":"https:\/\/www.ernstbrunn-apotheke.at\/katalog\/produkt\/biofit-hildegard-gewuerz-keks-150-g\/"},"modified":"2025-12-08T23:10:59","modified_gmt":"2025-12-08T22:10:59","slug":"biofit-hildegard-gewuerz-keks-150-g","status":"publish","type":"product","link":"https:\/\/www.ernstbrunn-apotheke.at\/katalog\/produkt\/biofit-hildegard-gewuerz-keks-150-g\/","title":{"rendered":"Biofit Hildegard Gew\u00fcrz Keks 150 g"},"content":{"rendered":"<p>Biofit Hildegard Gew\u00fcrz Keks sind ein besonderer Genuss nach Hildegard von Bingen mit Muskatnuss, Zimt, Gew\u00fcrznelken und Dinkelmehl.<\/p>\n","protected":false},"excerpt":{"rendered":"<p>Biofit Hildegard Gew\u00fcrz Keks sind ein besonderer Genuss nach Hildegard von Bingen mit Muskatnuss, Zimt, Gew\u00fcrznelken und Dinkelmehl.<\/p>\n","protected":false},"featured_media":119016,"template":"","meta":{"_acf_changed":false},"product_brand":[1455],"product_cat":[802],"product_tag":[],"class_list":{"0":"post-119014","1":"product","2":"type-product","3":"status-publish","4":"has-post-thumbnail","6":"product_brand-biofit","7":"product_cat-b","8":"pa_packungsgroesse-150g","10":"first","11":"instock","12":"shipping-taxable","13":"purchasable","14":"product-type-simple"},"acf":[],"_links":{"self":[{"href":"https:\/\/www.ernstbrunn-apotheke.at\/katalog\/wp-json\/wp\/v2\/product\/119014","targetHints":{"allow":["GET"]}}],"collection":[{"href":"https:\/\/www.ernstbrunn-apotheke.at\/katalog\/wp-json\/wp\/v2\/product"}],"about":[{"href":"https:\/\/www.ernstbrunn-apotheke.at\/katalog\/wp-json\/wp\/v2\/types\/product"}],"wp:featuredmedia":[{"embeddable":true,"href":"https:\/\/www.ernstbrunn-apotheke.at\/katalog\/wp-json\/wp\/v2\/media\/119016"}],"wp:attachment":[{"href":"https:\/\/www.ernstbrunn-apotheke.at\/katalog\/wp-json\/wp\/v2\/media?parent=119014"}],"wp:term":[{"taxonomy":"product_brand","embeddable":true,"href":"https:\/\/www.ernstbrunn-apotheke.at\/katalog\/wp-json\/wp\/v2\/product_brand?post=119014"},{"taxonomy":"product_cat","embeddable":true,"href":"https:\/\/www.ernstbrunn-apotheke.at\/katalog\/wp-json\/wp\/v2\/product_cat?post=119014"},{"taxonomy":"product_tag","embeddable":true,"href":"https:\/\/www.ernstbrunn-apotheke.at\/katalog\/wp-json\/wp\/v2\/product_tag?post=119014"}],"curies":[{"name":"wp","href":"https:\/\/api.w.org\/{rel}","templated":true}]}}