{"id":119011,"date":"2025-11-13T08:49:34","date_gmt":"2025-11-13T07:49:34","guid":{"rendered":"https:\/\/www.ernstbrunn-apotheke.at\/katalog\/produkt\/biofit-hildegard-dinkel-fruechte-habermus-250-g\/"},"modified":"2025-12-08T23:10:58","modified_gmt":"2025-12-08T22:10:58","slug":"biofit-hildegard-dinkel-fruechte-habermus-250-g","status":"publish","type":"product","link":"https:\/\/www.ernstbrunn-apotheke.at\/katalog\/produkt\/biofit-hildegard-dinkel-fruechte-habermus-250-g\/","title":{"rendered":"Biofit Hildegard Dinkel Fr\u00fcchte Habermus 250 g"},"content":{"rendered":"<p>Biofit Hildegard Dinkel Fr\u00fcchte Habermus ist leicht verdaulich und ist das ideale Fr\u00fchst\u00fcck. Im Gegensatz zu herk\u00f6mmlichen M\u00fcslis wird das Habermus in Wasser gekocht, was es bek\u00f6mmlicher und leichter verdaulich macht. Da kein Zucker zugesetzt ist, k\u00f6nnen Sie mit frisch geriebenen \u00c4pfeln, Honig und Mandelpl\u00e4ttchen das Dinkel-Habermus verfeinern. Wird auch gerne von Sportlern als \u00e4Kraftnahrung\u201c gegessen.<\/p>\n","protected":false},"excerpt":{"rendered":"<p>Biofit Hildegard Dinkel Fr\u00fcchte Habermus ist leicht verdaulich und ist das ideale Fr\u00fchst\u00fcck. Im Gegensatz zu herk\u00f6mmlichen M\u00fcslis wird das Habermus in Wasser gekocht, was es bek\u00f6mmlicher und leichter verdaulich macht. Da kein Zucker zugesetzt ist, k\u00f6nnen Sie mit frisch geriebenen \u00c4pfeln, Honig und Mandelpl\u00e4ttchen das Dinkel-Habermus verfeinern. Wird auch gerne von Sportlern als \u00e4Kraftnahrung\u201c [&hellip;]<\/p>\n","protected":false},"featured_media":119013,"template":"","meta":{"_acf_changed":false},"product_brand":[1455],"product_cat":[802],"product_tag":[],"class_list":{"0":"post-119011","1":"product","2":"type-product","3":"status-publish","4":"has-post-thumbnail","6":"product_brand-biofit","7":"product_cat-b","8":"pa_packungsgroesse-300g","10":"first","11":"instock","12":"shipping-taxable","13":"purchasable","14":"product-type-simple"},"acf":[],"_links":{"self":[{"href":"https:\/\/www.ernstbrunn-apotheke.at\/katalog\/wp-json\/wp\/v2\/product\/119011","targetHints":{"allow":["GET"]}}],"collection":[{"href":"https:\/\/www.ernstbrunn-apotheke.at\/katalog\/wp-json\/wp\/v2\/product"}],"about":[{"href":"https:\/\/www.ernstbrunn-apotheke.at\/katalog\/wp-json\/wp\/v2\/types\/product"}],"wp:featuredmedia":[{"embeddable":true,"href":"https:\/\/www.ernstbrunn-apotheke.at\/katalog\/wp-json\/wp\/v2\/media\/119013"}],"wp:attachment":[{"href":"https:\/\/www.ernstbrunn-apotheke.at\/katalog\/wp-json\/wp\/v2\/media?parent=119011"}],"wp:term":[{"taxonomy":"product_brand","embeddable":true,"href":"https:\/\/www.ernstbrunn-apotheke.at\/katalog\/wp-json\/wp\/v2\/product_brand?post=119011"},{"taxonomy":"product_cat","embeddable":true,"href":"https:\/\/www.ernstbrunn-apotheke.at\/katalog\/wp-json\/wp\/v2\/product_cat?post=119011"},{"taxonomy":"product_tag","embeddable":true,"href":"https:\/\/www.ernstbrunn-apotheke.at\/katalog\/wp-json\/wp\/v2\/product_tag?post=119011"}],"curies":[{"name":"wp","href":"https:\/\/api.w.org\/{rel}","templated":true}]}}