{"id":118995,"date":"2025-11-13T08:49:06","date_gmt":"2025-11-13T07:49:06","guid":{"rendered":"https:\/\/www.ernstbrunn-apotheke.at\/katalog\/produkt\/biofit-hildegard-bachbungen-tropfen-50-ml\/"},"modified":"2025-12-08T23:10:51","modified_gmt":"2025-12-08T22:10:51","slug":"biofit-hildegard-bachbungen-tropfen-50-ml","status":"publish","type":"product","link":"https:\/\/www.ernstbrunn-apotheke.at\/katalog\/produkt\/biofit-hildegard-bachbungen-tropfen-50-ml\/","title":{"rendered":"Biofit Hildegard Bachbungen Tropfen 50 ml"},"content":{"rendered":"<p>Biofit Hildegard Bachbungen Tropfen sind ein alkoholischer Auszug aus Bachbungenkraut. St\u00e4ngel und Bl\u00e4tter der Bachbunge gelten als verdauungsf\u00f6rdernd, sie enthalten viel Vitamin C und k\u00f6nnen auch zu einem Gem\u00fcse verkocht werden. Zudem wird der Bachbunge eine blutreinigende, harntreibende und hautstimulierende Wirkung nachgesagt.<\/p>\n","protected":false},"excerpt":{"rendered":"<p>Biofit Hildegard Bachbungen Tropfen sind ein alkoholischer Auszug aus Bachbungenkraut. St\u00e4ngel und Bl\u00e4tter der Bachbunge gelten als verdauungsf\u00f6rdernd, sie enthalten viel Vitamin C und k\u00f6nnen auch zu einem Gem\u00fcse verkocht werden. Zudem wird der Bachbunge eine blutreinigende, harntreibende und hautstimulierende Wirkung nachgesagt.<\/p>\n","protected":false},"featured_media":0,"template":"","meta":{"_acf_changed":false},"product_brand":[1455],"product_cat":[802],"product_tag":[],"class_list":{"0":"post-118995","1":"product","2":"type-product","3":"status-publish","5":"product_brand-biofit","6":"product_cat-b","7":"pa_packungsgroesse-50ml","9":"first","10":"instock","11":"shipping-taxable","12":"purchasable","13":"product-type-simple"},"acf":[],"_links":{"self":[{"href":"https:\/\/www.ernstbrunn-apotheke.at\/katalog\/wp-json\/wp\/v2\/product\/118995","targetHints":{"allow":["GET"]}}],"collection":[{"href":"https:\/\/www.ernstbrunn-apotheke.at\/katalog\/wp-json\/wp\/v2\/product"}],"about":[{"href":"https:\/\/www.ernstbrunn-apotheke.at\/katalog\/wp-json\/wp\/v2\/types\/product"}],"wp:attachment":[{"href":"https:\/\/www.ernstbrunn-apotheke.at\/katalog\/wp-json\/wp\/v2\/media?parent=118995"}],"wp:term":[{"taxonomy":"product_brand","embeddable":true,"href":"https:\/\/www.ernstbrunn-apotheke.at\/katalog\/wp-json\/wp\/v2\/product_brand?post=118995"},{"taxonomy":"product_cat","embeddable":true,"href":"https:\/\/www.ernstbrunn-apotheke.at\/katalog\/wp-json\/wp\/v2\/product_cat?post=118995"},{"taxonomy":"product_tag","embeddable":true,"href":"https:\/\/www.ernstbrunn-apotheke.at\/katalog\/wp-json\/wp\/v2\/product_tag?post=118995"}],"curies":[{"name":"wp","href":"https:\/\/api.w.org\/{rel}","templated":true}]}}