{"id":118963,"date":"2025-11-13T08:47:38","date_gmt":"2025-11-13T07:47:38","guid":{"rendered":"https:\/\/www.ernstbrunn-apotheke.at\/katalog\/produkt\/cetaphil-sun-daylong-sensitive-gel-spray-spf-30-150-ml\/"},"modified":"2025-12-08T23:10:45","modified_gmt":"2025-12-08T22:10:45","slug":"cetaphil-sun-daylong-sensitive-gel-spray-spf-30-150-ml","status":"publish","type":"product","link":"https:\/\/www.ernstbrunn-apotheke.at\/katalog\/produkt\/cetaphil-sun-daylong-sensitive-gel-spray-spf-30-150-ml\/","title":{"rendered":"Cetaphil Sun Daylong Sensitive Gel-Spray SPF 30 150 ml"},"content":{"rendered":"<p>Cetaphil Sun Sensitive Gel-Spray SPF 30 ist besonders geeignet f\u00fcr zu Sonnenallergie neigende sowie fettige Haut. Es enth\u00e4lt weder Emulgatoren noch Fette, die in Kombination mit UVA-Strahlung die h\u00e4ufigsten Ausl\u00f6ser von Mallorca-Akne sind.<\/p>\n","protected":false},"excerpt":{"rendered":"<p>Cetaphil Sun Sensitive Gel-Spray SPF 30 ist besonders geeignet f\u00fcr zu Sonnenallergie neigende sowie fettige Haut. Es enth\u00e4lt weder Emulgatoren noch Fette, die in Kombination mit UVA-Strahlung die h\u00e4ufigsten Ausl\u00f6ser von Mallorca-Akne sind.<\/p>\n","protected":false},"featured_media":118965,"template":"","meta":{"_acf_changed":false},"product_brand":[699],"product_cat":[812],"product_tag":[],"class_list":{"0":"post-118963","1":"product","2":"type-product","3":"status-publish","4":"has-post-thumbnail","6":"product_brand-cetaphil","7":"product_cat-c","8":"pa_packungsgroesse-150ml","10":"first","11":"instock","12":"shipping-taxable","13":"purchasable","14":"product-type-simple"},"acf":[],"_links":{"self":[{"href":"https:\/\/www.ernstbrunn-apotheke.at\/katalog\/wp-json\/wp\/v2\/product\/118963","targetHints":{"allow":["GET"]}}],"collection":[{"href":"https:\/\/www.ernstbrunn-apotheke.at\/katalog\/wp-json\/wp\/v2\/product"}],"about":[{"href":"https:\/\/www.ernstbrunn-apotheke.at\/katalog\/wp-json\/wp\/v2\/types\/product"}],"wp:featuredmedia":[{"embeddable":true,"href":"https:\/\/www.ernstbrunn-apotheke.at\/katalog\/wp-json\/wp\/v2\/media\/118965"}],"wp:attachment":[{"href":"https:\/\/www.ernstbrunn-apotheke.at\/katalog\/wp-json\/wp\/v2\/media?parent=118963"}],"wp:term":[{"taxonomy":"product_brand","embeddable":true,"href":"https:\/\/www.ernstbrunn-apotheke.at\/katalog\/wp-json\/wp\/v2\/product_brand?post=118963"},{"taxonomy":"product_cat","embeddable":true,"href":"https:\/\/www.ernstbrunn-apotheke.at\/katalog\/wp-json\/wp\/v2\/product_cat?post=118963"},{"taxonomy":"product_tag","embeddable":true,"href":"https:\/\/www.ernstbrunn-apotheke.at\/katalog\/wp-json\/wp\/v2\/product_tag?post=118963"}],"curies":[{"name":"wp","href":"https:\/\/api.w.org\/{rel}","templated":true}]}}