{"id":118943,"date":"2025-11-13T08:47:38","date_gmt":"2025-11-13T07:47:38","guid":{"rendered":"https:\/\/www.ernstbrunn-apotheke.at\/katalog\/produkt\/cetaphil-sun-daylongsensitive-gel-fluid-gesicht-spf-30-30-ml\/"},"modified":"2025-12-08T23:10:42","modified_gmt":"2025-12-08T22:10:42","slug":"cetaphil-sun-daylongsensitive-gel-fluid-gesicht-spf-30-30-ml","status":"publish","type":"product","link":"https:\/\/www.ernstbrunn-apotheke.at\/katalog\/produkt\/cetaphil-sun-daylongsensitive-gel-fluid-gesicht-spf-30-30-ml\/","title":{"rendered":"Cetaphil Sun Daylong\u2122Sensitive Gel-Fluid Gesicht SPF 30 30 ml"},"content":{"rendered":"<p>Cetaphil Sun Daylong Sensitive Gel-Fluid SPF 30 sch\u00fctzt vor sonnenbedingter Hautalterung im Gesicht und ist besonders geeignet f\u00fcr empfindliche bis fettige Haut. Sie enth\u00e4lt keine Konservierungsstoffe, Parfum oder Emulgatoren und ist nicht komedogen. Das Gel ist als Make-up Grundlage geeignet und ist extra leicht und fettfrei. Bestellen Sie jetzt!<\/p>\n","protected":false},"excerpt":{"rendered":"<p>Cetaphil Sun Daylong Sensitive Gel-Fluid SPF 30 sch\u00fctzt vor sonnenbedingter Hautalterung im Gesicht und ist besonders geeignet f\u00fcr empfindliche bis fettige Haut. Sie enth\u00e4lt keine Konservierungsstoffe, Parfum oder Emulgatoren und ist nicht komedogen. Das Gel ist als Make-up Grundlage geeignet und ist extra leicht und fettfrei. Bestellen Sie jetzt!<\/p>\n","protected":false},"featured_media":118945,"template":"","meta":{"_acf_changed":false},"product_brand":[699],"product_cat":[812],"product_tag":[],"class_list":{"0":"post-118943","1":"product","2":"type-product","3":"status-publish","4":"has-post-thumbnail","6":"product_brand-cetaphil","7":"product_cat-c","8":"pa_packungsgroesse-30ml","10":"first","11":"instock","12":"shipping-taxable","13":"purchasable","14":"product-type-simple"},"acf":[],"_links":{"self":[{"href":"https:\/\/www.ernstbrunn-apotheke.at\/katalog\/wp-json\/wp\/v2\/product\/118943","targetHints":{"allow":["GET"]}}],"collection":[{"href":"https:\/\/www.ernstbrunn-apotheke.at\/katalog\/wp-json\/wp\/v2\/product"}],"about":[{"href":"https:\/\/www.ernstbrunn-apotheke.at\/katalog\/wp-json\/wp\/v2\/types\/product"}],"wp:featuredmedia":[{"embeddable":true,"href":"https:\/\/www.ernstbrunn-apotheke.at\/katalog\/wp-json\/wp\/v2\/media\/118945"}],"wp:attachment":[{"href":"https:\/\/www.ernstbrunn-apotheke.at\/katalog\/wp-json\/wp\/v2\/media?parent=118943"}],"wp:term":[{"taxonomy":"product_brand","embeddable":true,"href":"https:\/\/www.ernstbrunn-apotheke.at\/katalog\/wp-json\/wp\/v2\/product_brand?post=118943"},{"taxonomy":"product_cat","embeddable":true,"href":"https:\/\/www.ernstbrunn-apotheke.at\/katalog\/wp-json\/wp\/v2\/product_cat?post=118943"},{"taxonomy":"product_tag","embeddable":true,"href":"https:\/\/www.ernstbrunn-apotheke.at\/katalog\/wp-json\/wp\/v2\/product_tag?post=118943"}],"curies":[{"name":"wp","href":"https:\/\/api.w.org\/{rel}","templated":true}]}}