{"id":118933,"date":"2025-11-13T08:47:38","date_gmt":"2025-11-13T07:47:38","guid":{"rendered":"https:\/\/www.ernstbrunn-apotheke.at\/katalog\/produkt\/cetaphil-sun-daylong-sensitive-gel-creme-spf-50-200-ml\/"},"modified":"2025-12-08T23:10:40","modified_gmt":"2025-12-08T22:10:40","slug":"cetaphil-sun-daylong-sensitive-gel-creme-spf-50-200-ml","status":"publish","type":"product","link":"https:\/\/www.ernstbrunn-apotheke.at\/katalog\/produkt\/cetaphil-sun-daylong-sensitive-gel-creme-spf-50-200-ml\/","title":{"rendered":"Cetaphil Sun Daylong Sensitive Gel-Creme SPF 50+  200 ml"},"content":{"rendered":"<p>Cetaphil Sun Daylong Sensitive Gel-Creme mit SPF 50+ ist eine schnell einziehende, nicht klebende und extra leichte Sonnencreme, die besonders f\u00fcr allergische, empfindliche Haut und Mallorca Akne geeignet ist. Sie ist extra wasserresistent in S\u00fc\u00df- und Salzwasser und enth\u00e4lt keine Konservierungsstoffe, Parf\u00fcm oder Emulgatoren &#8211; Bestellen Sie jetzt!<\/p>\n","protected":false},"excerpt":{"rendered":"<p>Cetaphil Sun Daylong Sensitive Gel-Creme mit SPF 50+ ist eine schnell einziehende, nicht klebende und extra leichte Sonnencreme, die besonders f\u00fcr allergische, empfindliche Haut und Mallorca Akne geeignet ist. Sie ist extra wasserresistent in S\u00fc\u00df- und Salzwasser und enth\u00e4lt keine Konservierungsstoffe, Parf\u00fcm oder Emulgatoren &#8211; Bestellen Sie jetzt!<\/p>\n","protected":false},"featured_media":118935,"template":"","meta":{"_acf_changed":false},"product_brand":[699],"product_cat":[812],"product_tag":[],"class_list":{"0":"post-118933","1":"product","2":"type-product","3":"status-publish","4":"has-post-thumbnail","6":"product_brand-cetaphil","7":"product_cat-c","8":"pa_packungsgroesse-200ml","10":"first","11":"instock","12":"shipping-taxable","13":"purchasable","14":"product-type-simple"},"acf":[],"_links":{"self":[{"href":"https:\/\/www.ernstbrunn-apotheke.at\/katalog\/wp-json\/wp\/v2\/product\/118933","targetHints":{"allow":["GET"]}}],"collection":[{"href":"https:\/\/www.ernstbrunn-apotheke.at\/katalog\/wp-json\/wp\/v2\/product"}],"about":[{"href":"https:\/\/www.ernstbrunn-apotheke.at\/katalog\/wp-json\/wp\/v2\/types\/product"}],"wp:featuredmedia":[{"embeddable":true,"href":"https:\/\/www.ernstbrunn-apotheke.at\/katalog\/wp-json\/wp\/v2\/media\/118935"}],"wp:attachment":[{"href":"https:\/\/www.ernstbrunn-apotheke.at\/katalog\/wp-json\/wp\/v2\/media?parent=118933"}],"wp:term":[{"taxonomy":"product_brand","embeddable":true,"href":"https:\/\/www.ernstbrunn-apotheke.at\/katalog\/wp-json\/wp\/v2\/product_brand?post=118933"},{"taxonomy":"product_cat","embeddable":true,"href":"https:\/\/www.ernstbrunn-apotheke.at\/katalog\/wp-json\/wp\/v2\/product_cat?post=118933"},{"taxonomy":"product_tag","embeddable":true,"href":"https:\/\/www.ernstbrunn-apotheke.at\/katalog\/wp-json\/wp\/v2\/product_tag?post=118933"}],"curies":[{"name":"wp","href":"https:\/\/api.w.org\/{rel}","templated":true}]}}