{"id":118914,"date":"2025-11-13T08:46:49","date_gmt":"2025-11-13T07:46:49","guid":{"rendered":"https:\/\/www.ernstbrunn-apotheke.at\/katalog\/produkt\/cetaphil-sun-daylong-sensitive-gel-creme-spf-30-200-ml\/"},"modified":"2025-12-08T23:10:37","modified_gmt":"2025-12-08T22:10:37","slug":"cetaphil-sun-daylong-sensitive-gel-creme-spf-30-200-ml","status":"publish","type":"product","link":"https:\/\/www.ernstbrunn-apotheke.at\/katalog\/produkt\/cetaphil-sun-daylong-sensitive-gel-creme-spf-30-200-ml\/","title":{"rendered":"Cetaphil Sun Daylong Sensitive Gel-Creme SPF 30 200 ml"},"content":{"rendered":"<p>Cetaphil\u00a0Sun Daylong SPF 30 Sensitive Gel-Creme zieht schnell ein und sorgt dank der fettfreien Formulierung f\u00fcr ein angenehmes Hautgef\u00fchl. Die Wirksamkeit und Hautvertr\u00e4glichkeit wurden in einer Studie bei Anwendern mit Sonnenallergien nachgewiesen.<\/p>\n","protected":false},"excerpt":{"rendered":"<p>Cetaphil\u00a0Sun Daylong SPF 30 Sensitive Gel-Creme zieht schnell ein und sorgt dank der fettfreien Formulierung f\u00fcr ein angenehmes Hautgef\u00fchl. Die Wirksamkeit und Hautvertr\u00e4glichkeit wurden in einer Studie bei Anwendern mit Sonnenallergien nachgewiesen.<\/p>\n","protected":false},"featured_media":118916,"template":"","meta":{"_acf_changed":false},"product_brand":[699],"product_cat":[812],"product_tag":[],"class_list":{"0":"post-118914","1":"product","2":"type-product","3":"status-publish","4":"has-post-thumbnail","6":"product_brand-cetaphil","7":"product_cat-c","8":"pa_packungsgroesse-200ml","10":"first","11":"instock","12":"shipping-taxable","13":"purchasable","14":"product-type-simple"},"acf":[],"_links":{"self":[{"href":"https:\/\/www.ernstbrunn-apotheke.at\/katalog\/wp-json\/wp\/v2\/product\/118914","targetHints":{"allow":["GET"]}}],"collection":[{"href":"https:\/\/www.ernstbrunn-apotheke.at\/katalog\/wp-json\/wp\/v2\/product"}],"about":[{"href":"https:\/\/www.ernstbrunn-apotheke.at\/katalog\/wp-json\/wp\/v2\/types\/product"}],"wp:featuredmedia":[{"embeddable":true,"href":"https:\/\/www.ernstbrunn-apotheke.at\/katalog\/wp-json\/wp\/v2\/media\/118916"}],"wp:attachment":[{"href":"https:\/\/www.ernstbrunn-apotheke.at\/katalog\/wp-json\/wp\/v2\/media?parent=118914"}],"wp:term":[{"taxonomy":"product_brand","embeddable":true,"href":"https:\/\/www.ernstbrunn-apotheke.at\/katalog\/wp-json\/wp\/v2\/product_brand?post=118914"},{"taxonomy":"product_cat","embeddable":true,"href":"https:\/\/www.ernstbrunn-apotheke.at\/katalog\/wp-json\/wp\/v2\/product_cat?post=118914"},{"taxonomy":"product_tag","embeddable":true,"href":"https:\/\/www.ernstbrunn-apotheke.at\/katalog\/wp-json\/wp\/v2\/product_tag?post=118914"}],"curies":[{"name":"wp","href":"https:\/\/api.w.org\/{rel}","templated":true}]}}