{"id":118910,"date":"2025-11-13T08:46:49","date_gmt":"2025-11-13T07:46:49","guid":{"rendered":"https:\/\/www.ernstbrunn-apotheke.at\/katalog\/produkt\/cetaphil-reinigungslotion-236-ml\/"},"modified":"2025-12-08T23:10:36","modified_gmt":"2025-12-08T22:10:36","slug":"cetaphil-reinigungslotion-236-ml","status":"publish","type":"product","link":"https:\/\/www.ernstbrunn-apotheke.at\/katalog\/produkt\/cetaphil-reinigungslotion-236-ml\/","title":{"rendered":"Cetaphil Reinigungslotion 236 ml"},"content":{"rendered":"<p>Cetaphil Reinigungslotion ist eine schonende Reinigungslotion, die sich zur t\u00e4glichen Anwendung bei empfindlicher, trockener Haut eignet und ein weiches, glattes und gesundes Hautgef\u00fchl hinterl\u00e4sst. Sie unterst\u00fctzt die Barrierefunktion der Haut und hilft der Haut, die notwendige Feuchtigkeit zu speichern.<\/p>\n","protected":false},"excerpt":{"rendered":"<p>Cetaphil Reinigungslotion ist eine schonende Reinigungslotion, die sich zur t\u00e4glichen Anwendung bei empfindlicher, trockener Haut eignet und ein weiches, glattes und gesundes Hautgef\u00fchl hinterl\u00e4sst. Sie unterst\u00fctzt die Barrierefunktion der Haut und hilft der Haut, die notwendige Feuchtigkeit zu speichern.<\/p>\n","protected":false},"featured_media":118912,"template":"","meta":{"_acf_changed":false},"product_brand":[699],"product_cat":[812],"product_tag":[],"class_list":{"0":"post-118910","1":"product","2":"type-product","3":"status-publish","4":"has-post-thumbnail","6":"product_brand-cetaphil","7":"product_cat-c","8":"pa_packungsgroesse-236ml","10":"first","11":"instock","12":"shipping-taxable","13":"purchasable","14":"product-type-simple"},"acf":[],"_links":{"self":[{"href":"https:\/\/www.ernstbrunn-apotheke.at\/katalog\/wp-json\/wp\/v2\/product\/118910","targetHints":{"allow":["GET"]}}],"collection":[{"href":"https:\/\/www.ernstbrunn-apotheke.at\/katalog\/wp-json\/wp\/v2\/product"}],"about":[{"href":"https:\/\/www.ernstbrunn-apotheke.at\/katalog\/wp-json\/wp\/v2\/types\/product"}],"wp:featuredmedia":[{"embeddable":true,"href":"https:\/\/www.ernstbrunn-apotheke.at\/katalog\/wp-json\/wp\/v2\/media\/118912"}],"wp:attachment":[{"href":"https:\/\/www.ernstbrunn-apotheke.at\/katalog\/wp-json\/wp\/v2\/media?parent=118910"}],"wp:term":[{"taxonomy":"product_brand","embeddable":true,"href":"https:\/\/www.ernstbrunn-apotheke.at\/katalog\/wp-json\/wp\/v2\/product_brand?post=118910"},{"taxonomy":"product_cat","embeddable":true,"href":"https:\/\/www.ernstbrunn-apotheke.at\/katalog\/wp-json\/wp\/v2\/product_cat?post=118910"},{"taxonomy":"product_tag","embeddable":true,"href":"https:\/\/www.ernstbrunn-apotheke.at\/katalog\/wp-json\/wp\/v2\/product_tag?post=118910"}],"curies":[{"name":"wp","href":"https:\/\/api.w.org\/{rel}","templated":true}]}}