{"id":118866,"date":"2025-11-13T08:45:28","date_gmt":"2025-11-13T07:45:28","guid":{"rendered":"https:\/\/www.ernstbrunn-apotheke.at\/katalog\/produkt\/centrum-capletten-tabletten-junior-30-stk\/"},"modified":"2025-12-08T23:10:26","modified_gmt":"2025-12-08T22:10:26","slug":"centrum-capletten-tabletten-junior-30-stk","status":"publish","type":"product","link":"https:\/\/www.ernstbrunn-apotheke.at\/katalog\/produkt\/centrum-capletten-tabletten-junior-30-stk\/","title":{"rendered":"Centrum Capletten\/Tabletten Junior 30 Stk."},"content":{"rendered":"<p>Centrum Capletten\/Tabletten Junior enthalten alle Vitamine sowie Mineralstoffe und Spurenelemente und eignen sich als Nahrungserg\u00e4nzungsmittel f\u00fcr Kinder ab vier Jahren. Die Kaucapletten haben einen angenehmen Zitronen-Erdbeergeschmack, sind glutenfrei und auch f\u00fcr Kinder mit Diabetes geeignet.<\/p>\n","protected":false},"excerpt":{"rendered":"<p>Centrum Capletten\/Tabletten Junior enthalten alle Vitamine sowie Mineralstoffe und Spurenelemente und eignen sich als Nahrungserg\u00e4nzungsmittel f\u00fcr Kinder ab vier Jahren. Die Kaucapletten haben einen angenehmen Zitronen-Erdbeergeschmack, sind glutenfrei und auch f\u00fcr Kinder mit Diabetes geeignet.<\/p>\n","protected":false},"featured_media":118868,"template":"","meta":{"_acf_changed":false},"product_brand":[],"product_cat":[812],"product_tag":[],"class_list":{"0":"post-118866","1":"product","2":"type-product","3":"status-publish","4":"has-post-thumbnail","6":"product_cat-c","7":"pa_packungsgroesse-30-stueck","9":"first","10":"instock","11":"shipping-taxable","12":"purchasable","13":"product-type-simple"},"acf":[],"_links":{"self":[{"href":"https:\/\/www.ernstbrunn-apotheke.at\/katalog\/wp-json\/wp\/v2\/product\/118866","targetHints":{"allow":["GET"]}}],"collection":[{"href":"https:\/\/www.ernstbrunn-apotheke.at\/katalog\/wp-json\/wp\/v2\/product"}],"about":[{"href":"https:\/\/www.ernstbrunn-apotheke.at\/katalog\/wp-json\/wp\/v2\/types\/product"}],"wp:featuredmedia":[{"embeddable":true,"href":"https:\/\/www.ernstbrunn-apotheke.at\/katalog\/wp-json\/wp\/v2\/media\/118868"}],"wp:attachment":[{"href":"https:\/\/www.ernstbrunn-apotheke.at\/katalog\/wp-json\/wp\/v2\/media?parent=118866"}],"wp:term":[{"taxonomy":"product_brand","embeddable":true,"href":"https:\/\/www.ernstbrunn-apotheke.at\/katalog\/wp-json\/wp\/v2\/product_brand?post=118866"},{"taxonomy":"product_cat","embeddable":true,"href":"https:\/\/www.ernstbrunn-apotheke.at\/katalog\/wp-json\/wp\/v2\/product_cat?post=118866"},{"taxonomy":"product_tag","embeddable":true,"href":"https:\/\/www.ernstbrunn-apotheke.at\/katalog\/wp-json\/wp\/v2\/product_tag?post=118866"}],"curies":[{"name":"wp","href":"https:\/\/api.w.org\/{rel}","templated":true}]}}