{"id":118856,"date":"2025-11-13T08:44:23","date_gmt":"2025-11-13T07:44:23","guid":{"rendered":"https:\/\/www.ernstbrunn-apotheke.at\/katalog\/produkt\/centrum-capletten-fuer-ihn-60-stk\/"},"modified":"2025-12-08T23:10:24","modified_gmt":"2025-12-08T22:10:24","slug":"centrum-capletten-fuer-ihn-60-stk","status":"publish","type":"product","link":"https:\/\/www.ernstbrunn-apotheke.at\/katalog\/produkt\/centrum-capletten-fuer-ihn-60-stk\/","title":{"rendered":"Centrum Capletten f\u00fcr Ihn 60 Stk."},"content":{"rendered":"<p>Centrum F\u00fcr Ihn 50+ wurde an die N\u00e4hrstoffbed\u00fcrfnisse von M\u00e4nnern \u00fcber 50 angepasst. Es leistet einen wertvollen Beitrag an wichtigen Vitaminen, Mineralstoffen und Spurenelementen, um ihre Ern\u00e4hrung optimal zu erg\u00e4nzen. Besonders die B-Vitamine und Magnesium sind wichtig f\u00fcr die Erhaltung der K\u00f6rperfunktionen von M\u00e4nnern.<\/p>\n","protected":false},"excerpt":{"rendered":"<p>Centrum F\u00fcr Ihn 50+ wurde an die N\u00e4hrstoffbed\u00fcrfnisse von M\u00e4nnern \u00fcber 50 angepasst. Es leistet einen wertvollen Beitrag an wichtigen Vitaminen, Mineralstoffen und Spurenelementen, um ihre Ern\u00e4hrung optimal zu erg\u00e4nzen. Besonders die B-Vitamine und Magnesium sind wichtig f\u00fcr die Erhaltung der K\u00f6rperfunktionen von M\u00e4nnern.<\/p>\n","protected":false},"featured_media":118858,"template":"","meta":{"_acf_changed":false},"product_brand":[],"product_cat":[812],"product_tag":[],"class_list":{"0":"post-118856","1":"product","2":"type-product","3":"status-publish","4":"has-post-thumbnail","6":"product_cat-c","7":"pa_packungsgroesse-60-stueck","9":"first","10":"instock","11":"shipping-taxable","12":"purchasable","13":"product-type-simple"},"acf":[],"_links":{"self":[{"href":"https:\/\/www.ernstbrunn-apotheke.at\/katalog\/wp-json\/wp\/v2\/product\/118856","targetHints":{"allow":["GET"]}}],"collection":[{"href":"https:\/\/www.ernstbrunn-apotheke.at\/katalog\/wp-json\/wp\/v2\/product"}],"about":[{"href":"https:\/\/www.ernstbrunn-apotheke.at\/katalog\/wp-json\/wp\/v2\/types\/product"}],"wp:featuredmedia":[{"embeddable":true,"href":"https:\/\/www.ernstbrunn-apotheke.at\/katalog\/wp-json\/wp\/v2\/media\/118858"}],"wp:attachment":[{"href":"https:\/\/www.ernstbrunn-apotheke.at\/katalog\/wp-json\/wp\/v2\/media?parent=118856"}],"wp:term":[{"taxonomy":"product_brand","embeddable":true,"href":"https:\/\/www.ernstbrunn-apotheke.at\/katalog\/wp-json\/wp\/v2\/product_brand?post=118856"},{"taxonomy":"product_cat","embeddable":true,"href":"https:\/\/www.ernstbrunn-apotheke.at\/katalog\/wp-json\/wp\/v2\/product_cat?post=118856"},{"taxonomy":"product_tag","embeddable":true,"href":"https:\/\/www.ernstbrunn-apotheke.at\/katalog\/wp-json\/wp\/v2\/product_tag?post=118856"}],"curies":[{"name":"wp","href":"https:\/\/api.w.org\/{rel}","templated":true}]}}